{"id":853,"date":"2025-02-28T08:52:35","date_gmt":"2025-02-28T08:52:35","guid":{"rendered":"https:\/\/www.sprintprint.pl\/?post_type=product&#038;p=853"},"modified":"2025-03-04T11:36:04","modified_gmt":"2025-03-04T11:36:04","slug":"katalog-klejony-a4-10-sztuk","status":"publish","type":"product","link":"https:\/\/www.sprintprint.pl\/index.php\/produkt\/katalog-klejony-a4-10-sztuk\/","title":{"rendered":"Katalog klejony A4"},"content":{"rendered":"<p><strong>Katalogi klejone PUR A4 o wymiarach 210 x 297 mm<\/strong>\u00a0to propozycja dla tych, kt\u00f3rzy poszukuj\u0105 nietypowego formatu. Ich prostok\u0105tny kszta\u0142t, nadaje im niepowtarzalny charakter, jednocze\u015bnie zachowuj\u0105c estetyk\u0119 i funkcjonalno\u015b\u0107.<\/p>\n<p>&nbsp;<\/p>\n","protected":false},"excerpt":{"rendered":"<ul>\n<li>format A4 (210 x 297 mm)<\/li>\n<li>ok\u0142adka kreda b\u0142ysk 250 g + folia mat \/ b\u0142ysk<\/li>\n<li>strony kreda b\u0142ysk 130 g \/ kreda mat 130 g<\/li>\n<li>dwustronnie kolorowe<\/li>\n<li>klejenie po d\u0142ugim boku<\/li>\n<li><strong>UWAGA<\/strong>: Cena obowi\u0105zuje w przypadku przes\u0142ania przez klienta na adres mailowy\u00a0<strong>biuro@sprintprint.pl<\/strong> gotowego projektu katalogu<\/li>\n<\/ul>\n","protected":false},"featured_media":2849,"comment_status":"open","ping_status":"closed","template":"","meta":[],"product_brand":[],"product_cat":[106,98],"product_tag":[],"class_list":{"0":"post-853","1":"product","2":"type-product","3":"status-publish","4":"has-post-thumbnail","6":"product_cat-katalogklejony4","7":"product_cat-katalogi-klejone","9":"first","10":"instock","11":"taxable","12":"shipping-taxable","13":"purchasable","14":"product-type-variable"},"jetpack_sharing_enabled":true,"_links":{"self":[{"href":"https:\/\/www.sprintprint.pl\/index.php\/wp-json\/wp\/v2\/product\/853","targetHints":{"allow":["GET"]}}],"collection":[{"href":"https:\/\/www.sprintprint.pl\/index.php\/wp-json\/wp\/v2\/product"}],"about":[{"href":"https:\/\/www.sprintprint.pl\/index.php\/wp-json\/wp\/v2\/types\/product"}],"replies":[{"embeddable":true,"href":"https:\/\/www.sprintprint.pl\/index.php\/wp-json\/wp\/v2\/comments?post=853"}],"wp:featuredmedia":[{"embeddable":true,"href":"https:\/\/www.sprintprint.pl\/index.php\/wp-json\/wp\/v2\/media\/2849"}],"wp:attachment":[{"href":"https:\/\/www.sprintprint.pl\/index.php\/wp-json\/wp\/v2\/media?parent=853"}],"wp:term":[{"taxonomy":"product_brand","embeddable":true,"href":"https:\/\/www.sprintprint.pl\/index.php\/wp-json\/wp\/v2\/product_brand?post=853"},{"taxonomy":"product_cat","embeddable":true,"href":"https:\/\/www.sprintprint.pl\/index.php\/wp-json\/wp\/v2\/product_cat?post=853"},{"taxonomy":"product_tag","embeddable":true,"href":"https:\/\/www.sprintprint.pl\/index.php\/wp-json\/wp\/v2\/product_tag?post=853"}],"curies":[{"name":"wp","href":"https:\/\/api.w.org\/{rel}","templated":true}]}}