{"id":655,"date":"2025-02-27T12:51:08","date_gmt":"2025-02-27T12:51:08","guid":{"rendered":"https:\/\/www.sprintprint.pl\/?post_type=product&#038;p=655"},"modified":"2025-03-10T09:44:56","modified_gmt":"2025-03-10T09:44:56","slug":"ulotki-a5-75-sztuk-kreda-blysk-130-g","status":"publish","type":"product","link":"https:\/\/www.sprintprint.pl\/index.php\/produkt\/ulotki-a5-75-sztuk-kreda-blysk-130-g\/","title":{"rendered":"Ulotki A5"},"content":{"rendered":"<p>Twoja bran\u017ca to handel lub us\u0142ugi? Zainwestuj w\u00a0<strong>druk ulotek!<\/strong>\u00a0Nie wydasz prawie nic, poniewa\u017c drukarnia internetowa oferuje wyj\u0105tkowo\u00a0<strong>tanie ulotki<\/strong>, bezp\u0142atn\u0105 przesy\u0142k\u0119, a do tego b\u0142yskawiczn\u0105 realizacj\u0119 zlecenia. Zyski z dystrybucji ulotek s\u0105 nie do przecenienia: zainteresowani ofert\u0105 klienci to bezcenna warto\u015b\u0107 w ka\u017cdym biznesie.<\/p>\n<p>Ulotki drukujemy przede wszystkim na kartonie kredowym.<\/p>\n","protected":false},"excerpt":{"rendered":"<ul>\n<li>format A5 (148 x 210 mm)<\/li>\n<li>kreda b\u0142ysk 130 g \/ kreda matowa 130g<\/li>\n<li>dwustronnie kolorowe<\/li>\n<li><strong>UWAGA<\/strong>: Cena obowi\u0105zuje w przypadku przes\u0142ania przez klienta na adres mailowy <strong>biuro@sprintprint.pl<\/strong> gotowego projektu ulotki<\/li>\n<\/ul>\n","protected":false},"featured_media":202,"comment_status":"open","ping_status":"closed","template":"","meta":[],"product_brand":[],"product_cat":[22,25],"product_tag":[],"class_list":{"0":"post-655","1":"product","2":"type-product","3":"status-publish","4":"has-post-thumbnail","6":"product_cat-ulotki","7":"product_cat-ulotkia5","9":"first","10":"instock","11":"sale","12":"taxable","13":"shipping-taxable","14":"purchasable","15":"product-type-variable"},"jetpack_sharing_enabled":true,"_links":{"self":[{"href":"https:\/\/www.sprintprint.pl\/index.php\/wp-json\/wp\/v2\/product\/655","targetHints":{"allow":["GET"]}}],"collection":[{"href":"https:\/\/www.sprintprint.pl\/index.php\/wp-json\/wp\/v2\/product"}],"about":[{"href":"https:\/\/www.sprintprint.pl\/index.php\/wp-json\/wp\/v2\/types\/product"}],"replies":[{"embeddable":true,"href":"https:\/\/www.sprintprint.pl\/index.php\/wp-json\/wp\/v2\/comments?post=655"}],"wp:featuredmedia":[{"embeddable":true,"href":"https:\/\/www.sprintprint.pl\/index.php\/wp-json\/wp\/v2\/media\/202"}],"wp:attachment":[{"href":"https:\/\/www.sprintprint.pl\/index.php\/wp-json\/wp\/v2\/media?parent=655"}],"wp:term":[{"taxonomy":"product_brand","embeddable":true,"href":"https:\/\/www.sprintprint.pl\/index.php\/wp-json\/wp\/v2\/product_brand?post=655"},{"taxonomy":"product_cat","embeddable":true,"href":"https:\/\/www.sprintprint.pl\/index.php\/wp-json\/wp\/v2\/product_cat?post=655"},{"taxonomy":"product_tag","embeddable":true,"href":"https:\/\/www.sprintprint.pl\/index.php\/wp-json\/wp\/v2\/product_tag?post=655"}],"curies":[{"name":"wp","href":"https:\/\/api.w.org\/{rel}","templated":true}]}}