{"id":505,"date":"2025-02-06T13:33:44","date_gmt":"2025-02-06T13:33:44","guid":{"rendered":"https:\/\/www.sprintprint.pl\/?post_type=product&#038;p=505"},"modified":"2025-03-16T13:16:06","modified_gmt":"2025-03-16T13:16:06","slug":"projekt-papieru-firmowego","status":"publish","type":"product","link":"https:\/\/www.sprintprint.pl\/index.php\/produkt\/projekt-papieru-firmowego\/","title":{"rendered":"Projekt papieru firmowego"},"content":{"rendered":"<p>Wykonanie projektu papieru firmowego zgodnie z informacjami przekazanymi przez klienta i w oparciu o przes\u0142ane przez klienta na adres mailowy: <strong>biuro@sprintprint.pl<\/strong> pliki graficzne (np. logo)<\/p>\n<p>Us\u0142uga projektu obejmuje wykonanie pierwszej wersji projektu oraz 2 poprawek. Przygotowanie samego projektu trwa do max. 3 dni roboczych. Dodatkowe korekty wyceniane s\u0105 indywidualnie.<\/p>\n<p>*<em>Je\u015bli potrzebujesz projektu z du\u017c\u0105 ilo\u015bci\u0105 zdj\u0119\u0107, tekstu np. projektu menu, z\u0142\u00f3\u017c zapytanie o indywidualn\u0105 wycen\u0119 na adres <a href=\"mailto:biuro@sprintprint.pl\">biuro@sprintprint.pl<\/a><\/em><\/p>\n","protected":false},"excerpt":{"rendered":"<p>Wykonanie projektu papieru firmowego zgodnie z informacjami przekazanymi przez klienta i w oparciu o przes\u0142ane przez klienta na adres mailowy: <strong>biuro@sprintprint.pl<\/strong> pliki graficzne (np. logo)<\/p>\n<p>Us\u0142uga projektu obejmuje wykonanie pierwszej wersji projektu oraz 2 poprawek. Przygotowanie samego projektu trwa do max. 3 dni roboczych. Dodatkowe korekty wyceniane s\u0105 indywidualnie.<\/p>\n<p>*<em>Je\u015bli potrzebujesz projektu z du\u017c\u0105 ilo\u015bci\u0105 zdj\u0119\u0107, tekstu np. projektu menu, z\u0142\u00f3\u017c zapytanie o indywidualn\u0105 wycen\u0119 na adres <a href=\"mailto:biuro@sprintprint.pl\">biuro@sprintprint.pl<\/a><\/em><\/p>\n","protected":false},"featured_media":407,"comment_status":"open","ping_status":"closed","template":"","meta":[],"product_brand":[],"product_cat":[23],"product_tag":[],"class_list":{"0":"post-505","1":"product","2":"type-product","3":"status-publish","4":"has-post-thumbnail","6":"product_cat-grafika","7":"product_shipping_class-usluga-graficzna","9":"first","10":"outofstock","11":"featured","12":"taxable","13":"shipping-taxable","14":"purchasable","15":"product-type-simple"},"jetpack_sharing_enabled":true,"_links":{"self":[{"href":"https:\/\/www.sprintprint.pl\/index.php\/wp-json\/wp\/v2\/product\/505","targetHints":{"allow":["GET"]}}],"collection":[{"href":"https:\/\/www.sprintprint.pl\/index.php\/wp-json\/wp\/v2\/product"}],"about":[{"href":"https:\/\/www.sprintprint.pl\/index.php\/wp-json\/wp\/v2\/types\/product"}],"replies":[{"embeddable":true,"href":"https:\/\/www.sprintprint.pl\/index.php\/wp-json\/wp\/v2\/comments?post=505"}],"wp:featuredmedia":[{"embeddable":true,"href":"https:\/\/www.sprintprint.pl\/index.php\/wp-json\/wp\/v2\/media\/407"}],"wp:attachment":[{"href":"https:\/\/www.sprintprint.pl\/index.php\/wp-json\/wp\/v2\/media?parent=505"}],"wp:term":[{"taxonomy":"product_brand","embeddable":true,"href":"https:\/\/www.sprintprint.pl\/index.php\/wp-json\/wp\/v2\/product_brand?post=505"},{"taxonomy":"product_cat","embeddable":true,"href":"https:\/\/www.sprintprint.pl\/index.php\/wp-json\/wp\/v2\/product_cat?post=505"},{"taxonomy":"product_tag","embeddable":true,"href":"https:\/\/www.sprintprint.pl\/index.php\/wp-json\/wp\/v2\/product_tag?post=505"}],"curies":[{"name":"wp","href":"https:\/\/api.w.org\/{rel}","templated":true}]}}