{"id":406,"date":"2025-02-05T15:14:24","date_gmt":"2025-02-05T15:14:24","guid":{"rendered":"https:\/\/www.sprintprint.pl\/?post_type=product&#038;p=406"},"modified":"2025-03-16T13:17:10","modified_gmt":"2025-03-16T13:17:10","slug":"projekt-wizytowki","status":"publish","type":"product","link":"https:\/\/www.sprintprint.pl\/index.php\/produkt\/projekt-wizytowki\/","title":{"rendered":"Projekt wizyt\u00f3wki"},"content":{"rendered":"<p>Wykonanie projektu wizyt\u00f3wki zgodnie z informacjami przekazanymi przez klienta i w oparciu o przes\u0142ane przez klienta na adres mailowy: <strong>biuro@sprintprint.pl<\/strong> pliki graficzne (np. logo)<\/p>\n<p>Us\u0142uga projektu obejmuje wykonanie pierwszej wersji projektu oraz 2 poprawek. Przygotowanie samego projektu trwa do max. 3 dni roboczych. Dodatkowe korekty wyceniane s\u0105 indywidualnie.<\/p>\n<p>*<em>Je\u015bli potrzebujesz projektu z du\u017c\u0105 ilo\u015bci\u0105 zdj\u0119\u0107, tekstu np. projektu menu, z\u0142\u00f3\u017c zapytanie o indywidualn\u0105 wycen\u0119 na adres <a href=\"mailto:biuro@sprintprint.pl\">biuro@sprintprint.pl<\/a><\/em><\/p>\n","protected":false},"excerpt":{"rendered":"<p>Wykonanie projektu wizyt\u00f3wki zgodnie z informacjami przekazanymi przez klienta i w oparciu o przes\u0142ane przez klienta na adres mailowy: <strong>biuro@sprintprint.pl<\/strong> pliki graficzne (np. logo)<\/p>\n<p>Us\u0142uga projektu obejmuje wykonanie pierwszej wersji projektu oraz 2 poprawek. Przygotowanie samego projektu trwa do max. 3 dni roboczych. Dodatkowe korekty wyceniane s\u0105 indywidualnie.<\/p>\n<p>*<em>Je\u015bli potrzebujesz projektu z du\u017c\u0105 ilo\u015bci\u0105 zdj\u0119\u0107, tekstu np. projektu menu, z\u0142\u00f3\u017c zapytanie o indywidualn\u0105 wycen\u0119 na adres <a href=\"mailto:biuro@sprintprint.pl\">biuro@sprintprint.pl<\/a><\/em><\/p>\n","protected":false},"featured_media":407,"comment_status":"open","ping_status":"closed","template":"","meta":[],"product_brand":[],"product_cat":[23],"product_tag":[],"class_list":{"0":"post-406","1":"product","2":"type-product","3":"status-publish","4":"has-post-thumbnail","6":"product_cat-grafika","7":"product_shipping_class-usluga-graficzna","9":"first","10":"outofstock","11":"featured","12":"taxable","13":"shipping-taxable","14":"purchasable","15":"product-type-simple"},"jetpack_sharing_enabled":true,"_links":{"self":[{"href":"https:\/\/www.sprintprint.pl\/index.php\/wp-json\/wp\/v2\/product\/406","targetHints":{"allow":["GET"]}}],"collection":[{"href":"https:\/\/www.sprintprint.pl\/index.php\/wp-json\/wp\/v2\/product"}],"about":[{"href":"https:\/\/www.sprintprint.pl\/index.php\/wp-json\/wp\/v2\/types\/product"}],"replies":[{"embeddable":true,"href":"https:\/\/www.sprintprint.pl\/index.php\/wp-json\/wp\/v2\/comments?post=406"}],"wp:featuredmedia":[{"embeddable":true,"href":"https:\/\/www.sprintprint.pl\/index.php\/wp-json\/wp\/v2\/media\/407"}],"wp:attachment":[{"href":"https:\/\/www.sprintprint.pl\/index.php\/wp-json\/wp\/v2\/media?parent=406"}],"wp:term":[{"taxonomy":"product_brand","embeddable":true,"href":"https:\/\/www.sprintprint.pl\/index.php\/wp-json\/wp\/v2\/product_brand?post=406"},{"taxonomy":"product_cat","embeddable":true,"href":"https:\/\/www.sprintprint.pl\/index.php\/wp-json\/wp\/v2\/product_cat?post=406"},{"taxonomy":"product_tag","embeddable":true,"href":"https:\/\/www.sprintprint.pl\/index.php\/wp-json\/wp\/v2\/product_tag?post=406"}],"curies":[{"name":"wp","href":"https:\/\/api.w.org\/{rel}","templated":true}]}}