{"id":2289,"date":"2025-03-02T18:17:36","date_gmt":"2025-03-02T18:17:36","guid":{"rendered":"https:\/\/www.sprintprint.pl\/?post_type=product&#038;p=2289"},"modified":"2025-03-02T18:23:31","modified_gmt":"2025-03-02T18:23:31","slug":"kalendarz-trojdzielny","status":"publish","type":"product","link":"https:\/\/www.sprintprint.pl\/index.php\/produkt\/kalendarz-trojdzielny\/","title":{"rendered":"Kalendarz tr\u00f3jdzielny z okienkiem wskazuj\u0105cym dat\u0119"},"content":{"rendered":"<p>Kalendarze tr\u00f3jdzielne s\u0105 praktycznym i wszechstronnym narz\u0119dziem do planowania i organizacji czasu. Sk\u0142adaj\u0105 si\u0119 z trzech oddzielnych paneli, z kt\u00f3rych ka\u017cdy reprezentuje jeden miesi\u0105c.<\/p>\n<p>Taki format kalendarza umo\u017cliwia \u0142atwe i czytelne przedstawienie trzech kolejnych miesi\u0119cy na raz, co u\u0142atwia \u015bledzenie wa\u017cnych dat i termin\u00f3w w przysz\u0142o\u015bci.<\/p>\n","protected":false},"excerpt":{"rendered":"<ul>\n<li>format 310 x 690 mm<\/li>\n<li>\u00a0<strong>3 oddzielne kalendaria<\/strong>\u00a0(na miesi\u0105c obecny, poprzedni i nast\u0119pny)<\/li>\n<li><strong>p\u0142aska g\u0142\u00f3wka<\/strong>\u00a0o wymiarach 310 x 210 mm.<\/li>\n<li>karton 250g (g\u0142\u00f3wka i plecki) + offset 80g<\/li>\n<li>jednostronnie kolorowe.<\/li>\n<li>\n<h3>okienko wskazuj\u0105ce dat\u0119: czerwone \/ niebieskie \/ czarne \/ pomara\u0144czowe lub \u017c\u00f3\u0142te. Okienko umieszczone jest na pasku z przezroczystej folii. Okienka dostarczane s\u0105 osobno.<\/h3>\n<\/li>\n<li><strong>UWAGA<\/strong>: Cena obowi\u0105zuje w przypadku przes\u0142ania przez klienta na adres mailowy\u00a0<strong>biuro@sprintprint.pl<\/strong> gotowego projektu kalendarza<\/li>\n<\/ul>\n","protected":false},"featured_media":2291,"comment_status":"open","ping_status":"closed","template":"","meta":[],"product_brand":[],"product_cat":[114],"product_tag":[],"class_list":{"0":"post-2289","1":"product","2":"type-product","3":"status-publish","4":"has-post-thumbnail","6":"product_cat-kalendarze3","8":"first","9":"instock","10":"taxable","11":"shipping-taxable","12":"purchasable","13":"product-type-variable"},"jetpack_sharing_enabled":true,"_links":{"self":[{"href":"https:\/\/www.sprintprint.pl\/index.php\/wp-json\/wp\/v2\/product\/2289","targetHints":{"allow":["GET"]}}],"collection":[{"href":"https:\/\/www.sprintprint.pl\/index.php\/wp-json\/wp\/v2\/product"}],"about":[{"href":"https:\/\/www.sprintprint.pl\/index.php\/wp-json\/wp\/v2\/types\/product"}],"replies":[{"embeddable":true,"href":"https:\/\/www.sprintprint.pl\/index.php\/wp-json\/wp\/v2\/comments?post=2289"}],"wp:featuredmedia":[{"embeddable":true,"href":"https:\/\/www.sprintprint.pl\/index.php\/wp-json\/wp\/v2\/media\/2291"}],"wp:attachment":[{"href":"https:\/\/www.sprintprint.pl\/index.php\/wp-json\/wp\/v2\/media?parent=2289"}],"wp:term":[{"taxonomy":"product_brand","embeddable":true,"href":"https:\/\/www.sprintprint.pl\/index.php\/wp-json\/wp\/v2\/product_brand?post=2289"},{"taxonomy":"product_cat","embeddable":true,"href":"https:\/\/www.sprintprint.pl\/index.php\/wp-json\/wp\/v2\/product_cat?post=2289"},{"taxonomy":"product_tag","embeddable":true,"href":"https:\/\/www.sprintprint.pl\/index.php\/wp-json\/wp\/v2\/product_tag?post=2289"}],"curies":[{"name":"wp","href":"https:\/\/api.w.org\/{rel}","templated":true}]}}