{"id":2169,"date":"2025-03-01T20:21:39","date_gmt":"2025-03-01T20:21:39","guid":{"rendered":"https:\/\/www.sprintprint.pl\/?post_type=product&#038;p=2169"},"modified":"2025-03-01T20:37:56","modified_gmt":"2025-03-01T20:37:56","slug":"zaproszenie-nieskladane-dl","status":"publish","type":"product","link":"https:\/\/www.sprintprint.pl\/index.php\/produkt\/zaproszenie-nieskladane-dl\/","title":{"rendered":"Zaproszenie niesk\u0142adane DL"},"content":{"rendered":"<h1>Zaproszenia<\/h1>\n<h3>Pod\u0142o\u017ce<\/h3>\n<p>Zapewniamy naszym klientom szeroki wyb\u00f3r pod\u0142o\u017cy do zaprosze\u0144, kt\u00f3re pozwalaj\u0105 dopasowa\u0107 je idealnie do rodzaju przyj\u0119cia.<\/p>\n<ul>\n<li style=\"list-style-type: none;\">\n<ul>\n<li><strong>Kreda mat 350 g<\/strong>: Dla tych, kt\u00f3rzy ceni\u0105 sobie elegancj\u0119 i jako\u015b\u0107.<\/li>\n<li><strong style=\"font-size: 1rem;\">Karton 300 g<\/strong><span style=\"font-size: 1rem;\">: Solidno\u015b\u0107 i kontrastowy wygl\u0105d dla bardziej wymagaj\u0105cych projekt\u00f3w.<\/span><\/li>\n<li><strong>Satyna 300 g<\/strong>\u00a0&#8211; Lekki po\u0142ysk, kt\u00f3ry nadaje elegancji i wyj\u0105tkowego charakteru.<\/li>\n<li><strong>Satyna 400 g<\/strong>\u00a0&#8211; Wytrzyma\u0142e pod\u0142o\u017ce o satynowym wyko\u0144czeniu.<br \/>\n<h2>Format<\/h2>\n<p>Dost\u0119pne formaty dla zaprosze\u0144:<\/p>\n<ul>\n<li><strong>DL (99 x 210 mm)<\/strong><\/li>\n<\/ul>\n<\/li>\n<\/ul>\n<\/li>\n<\/ul>\n","protected":false},"excerpt":{"rendered":"<ul>\n<li>format DL (99 x 210\u00a0mm)<\/li>\n<li>kreda mat 350g \/ karton 300 g \/ satyna 350g \/ satyna 400g<\/li>\n<li>dwustronnie kolorowe<\/li>\n<li><strong>UWAGA<\/strong>: Cena obowi\u0105zuje w przypadku przes\u0142ania przez klienta na adres mailowy\u00a0<strong>biuro@sprintprint.pl<\/strong> gotowego projektu zaproszenia.<\/li>\n<\/ul>\n","protected":false},"featured_media":2168,"comment_status":"open","ping_status":"closed","template":"","meta":[],"product_brand":[],"product_cat":[109],"product_tag":[82],"class_list":{"0":"post-2169","1":"product","2":"type-product","3":"status-publish","4":"has-post-thumbnail","6":"product_cat-zaproszenienieskladane","7":"product_tag-najnizsza-cena-z-30-dni-przed-obnizka-to-przekreslona-cena-netto","9":"first","10":"instock","11":"sale","12":"taxable","13":"shipping-taxable","14":"purchasable","15":"product-type-variable"},"jetpack_sharing_enabled":true,"_links":{"self":[{"href":"https:\/\/www.sprintprint.pl\/index.php\/wp-json\/wp\/v2\/product\/2169","targetHints":{"allow":["GET"]}}],"collection":[{"href":"https:\/\/www.sprintprint.pl\/index.php\/wp-json\/wp\/v2\/product"}],"about":[{"href":"https:\/\/www.sprintprint.pl\/index.php\/wp-json\/wp\/v2\/types\/product"}],"replies":[{"embeddable":true,"href":"https:\/\/www.sprintprint.pl\/index.php\/wp-json\/wp\/v2\/comments?post=2169"}],"wp:featuredmedia":[{"embeddable":true,"href":"https:\/\/www.sprintprint.pl\/index.php\/wp-json\/wp\/v2\/media\/2168"}],"wp:attachment":[{"href":"https:\/\/www.sprintprint.pl\/index.php\/wp-json\/wp\/v2\/media?parent=2169"}],"wp:term":[{"taxonomy":"product_brand","embeddable":true,"href":"https:\/\/www.sprintprint.pl\/index.php\/wp-json\/wp\/v2\/product_brand?post=2169"},{"taxonomy":"product_cat","embeddable":true,"href":"https:\/\/www.sprintprint.pl\/index.php\/wp-json\/wp\/v2\/product_cat?post=2169"},{"taxonomy":"product_tag","embeddable":true,"href":"https:\/\/www.sprintprint.pl\/index.php\/wp-json\/wp\/v2\/product_tag?post=2169"}],"curies":[{"name":"wp","href":"https:\/\/api.w.org\/{rel}","templated":true}]}}