{"id":1397,"date":"2025-02-28T12:16:31","date_gmt":"2025-02-28T12:16:31","guid":{"rendered":"https:\/\/www.sprintprint.pl\/?post_type=product&#038;p=1397"},"modified":"2025-03-10T12:03:24","modified_gmt":"2025-03-10T12:03:24","slug":"wizytowki-85-x-55-mm","status":"publish","type":"product","link":"https:\/\/www.sprintprint.pl\/index.php\/produkt\/wizytowki-85-x-55-mm\/","title":{"rendered":"Wizyt\u00f3wki 85 x 55 mm"},"content":{"rendered":"<p>Wizyt\u00f3wka jest najbardziej klasyczn\u0105 form\u0105 reklamy bezpo\u015bredniej. Dzi\u0119ki niej nawi\u0105\u017cesz pierwszy kontakt z Klientem i nadasz swojej firmie profesjonalny wizerunek. Na wizyt\u00f3wce powinny znale\u017a\u0107 si\u0119 najwa\u017cniejsze informacje teleadresowe. Warto zaznaczy\u0107, \u017ce im ciekawszy wz\u00f3r wizyt\u00f3wki pod wzgl\u0119dem wizualnym, tym wi\u0119ksza szansa na zainteresowanie firm\u0105 przez potencjalnego Klienta.<\/p>\n","protected":false},"excerpt":{"rendered":"<ul>\n<li>format 85 x 55 mm<\/li>\n<li>kreda matowa 350 g lub karton 300 g<\/li>\n<li>dwustronnie kolorowe<\/li>\n<li><strong>UWAGA<\/strong>: Cena obowi\u0105zuje w przypadku przes\u0142ania przez klienta na adres mailowy <strong>biuro@sprintprint.pl<\/strong> gotowego projektu wizyt\u00f3wki<\/li>\n<\/ul>\n","protected":false},"featured_media":2851,"comment_status":"open","ping_status":"closed","template":"","meta":[],"product_brand":[],"product_cat":[21],"product_tag":[],"class_list":{"0":"post-1397","1":"product","2":"type-product","3":"status-publish","4":"has-post-thumbnail","6":"product_cat-wizytowki","8":"first","9":"instock","10":"taxable","11":"shipping-taxable","12":"purchasable","13":"product-type-variable"},"jetpack_sharing_enabled":true,"_links":{"self":[{"href":"https:\/\/www.sprintprint.pl\/index.php\/wp-json\/wp\/v2\/product\/1397","targetHints":{"allow":["GET"]}}],"collection":[{"href":"https:\/\/www.sprintprint.pl\/index.php\/wp-json\/wp\/v2\/product"}],"about":[{"href":"https:\/\/www.sprintprint.pl\/index.php\/wp-json\/wp\/v2\/types\/product"}],"replies":[{"embeddable":true,"href":"https:\/\/www.sprintprint.pl\/index.php\/wp-json\/wp\/v2\/comments?post=1397"}],"wp:featuredmedia":[{"embeddable":true,"href":"https:\/\/www.sprintprint.pl\/index.php\/wp-json\/wp\/v2\/media\/2851"}],"wp:attachment":[{"href":"https:\/\/www.sprintprint.pl\/index.php\/wp-json\/wp\/v2\/media?parent=1397"}],"wp:term":[{"taxonomy":"product_brand","embeddable":true,"href":"https:\/\/www.sprintprint.pl\/index.php\/wp-json\/wp\/v2\/product_brand?post=1397"},{"taxonomy":"product_cat","embeddable":true,"href":"https:\/\/www.sprintprint.pl\/index.php\/wp-json\/wp\/v2\/product_cat?post=1397"},{"taxonomy":"product_tag","embeddable":true,"href":"https:\/\/www.sprintprint.pl\/index.php\/wp-json\/wp\/v2\/product_tag?post=1397"}],"curies":[{"name":"wp","href":"https:\/\/api.w.org\/{rel}","templated":true}]}}