{"id":1304,"date":"2025-02-28T10:52:37","date_gmt":"2025-02-28T10:52:37","guid":{"rendered":"https:\/\/www.sprintprint.pl\/?post_type=product&#038;p=1304"},"modified":"2025-04-08T09:23:39","modified_gmt":"2025-04-08T09:23:39","slug":"teczka-ofertowa-bez-grzbietu","status":"publish","type":"product","link":"https:\/\/www.sprintprint.pl\/index.php\/produkt\/teczka-ofertowa-bez-grzbietu\/","title":{"rendered":"Teczka ofertowa"},"content":{"rendered":"<p>Maj\u0105 wielk\u0105 misj\u0119: okie\u0142zna\u0107 biurowe dokumenty i godnie reprezentowa\u0107 firm\u0119 na spotkaniach biznesowych. Stanowi\u0105 one praktyczne i idealne rozwi\u0105zanie do przechowywania dokument\u00f3w firmowych, materia\u0142\u00f3w szkoleniowych, ofert czy um\u00f3w. Teczki Ofertowe ponadto pozwol\u0105 na promocj\u0119 Twojej firmy. Dzi\u0119ki odpowiednio przygotowanemu projektowi z Twoim logo i danymi kontaktowymi, teczka ofertowa w po\u0142\u0105czeniu z materia\u0142ami promocyjnymi lub ofertowymi stanowi doskona\u0142y pakiet reklamowy.<\/p>\n","protected":false},"excerpt":{"rendered":"<ul>\n<li>format A4 (210 x 297 mm)<\/li>\n<li>teczka jednobigowa &#8211; bez grzbietu<\/li>\n<li>kreda mat 350g<\/li>\n<li>uszlachetnienie folia b\u0142ysk\/matowa jednostronnie<\/li>\n<li>jednostronnie kolorowe<\/li>\n<li><strong>UWAGA<\/strong>: Cena obowi\u0105zuje w przypadku przes\u0142ania przez klienta na adres mailowy <strong>biuro@sprintprint.pl<\/strong> gotowego projektu<\/li>\n<\/ul>\n","protected":false},"featured_media":2850,"comment_status":"open","ping_status":"closed","template":"","meta":[],"product_brand":[],"product_cat":[29,83],"product_tag":[],"class_list":{"0":"post-1304","1":"product","2":"type-product","3":"status-publish","4":"has-post-thumbnail","6":"product_cat-teczki","7":"product_cat-teczka-ofertowa-bez-grzbietu","9":"first","10":"instock","11":"taxable","12":"shipping-taxable","13":"purchasable","14":"product-type-variable"},"jetpack_sharing_enabled":true,"_links":{"self":[{"href":"https:\/\/www.sprintprint.pl\/index.php\/wp-json\/wp\/v2\/product\/1304","targetHints":{"allow":["GET"]}}],"collection":[{"href":"https:\/\/www.sprintprint.pl\/index.php\/wp-json\/wp\/v2\/product"}],"about":[{"href":"https:\/\/www.sprintprint.pl\/index.php\/wp-json\/wp\/v2\/types\/product"}],"replies":[{"embeddable":true,"href":"https:\/\/www.sprintprint.pl\/index.php\/wp-json\/wp\/v2\/comments?post=1304"}],"wp:featuredmedia":[{"embeddable":true,"href":"https:\/\/www.sprintprint.pl\/index.php\/wp-json\/wp\/v2\/media\/2850"}],"wp:attachment":[{"href":"https:\/\/www.sprintprint.pl\/index.php\/wp-json\/wp\/v2\/media?parent=1304"}],"wp:term":[{"taxonomy":"product_brand","embeddable":true,"href":"https:\/\/www.sprintprint.pl\/index.php\/wp-json\/wp\/v2\/product_brand?post=1304"},{"taxonomy":"product_cat","embeddable":true,"href":"https:\/\/www.sprintprint.pl\/index.php\/wp-json\/wp\/v2\/product_cat?post=1304"},{"taxonomy":"product_tag","embeddable":true,"href":"https:\/\/www.sprintprint.pl\/index.php\/wp-json\/wp\/v2\/product_tag?post=1304"}],"curies":[{"name":"wp","href":"https:\/\/api.w.org\/{rel}","templated":true}]}}