{"id":756,"date":"2025-02-27T19:12:55","date_gmt":"2025-02-27T19:12:55","guid":{"rendered":"https:\/\/www.sprintprint.pl\/?page_id=756"},"modified":"2025-03-04T12:31:24","modified_gmt":"2025-03-04T12:31:24","slug":"makiety","status":"publish","type":"page","link":"https:\/\/www.sprintprint.pl\/index.php\/makiety\/","title":{"rendered":"Makiety"},"content":{"rendered":"\n<p class=\"has-text-align-center has-luminous-vivid-orange-color has-text-color has-link-color wp-elements-a18dc8e7659432ef5c80c81574c495ba\"><strong>MAKIETY ULOTEK<\/strong><\/p>\n\n\n\n<div class=\"wp-block-file\"><a id=\"wp-block-file--media-133728db-74d6-4b4b-8814-33bd8c954478\" href=\"https:\/\/www.sprintprint.pl\/wp-content\/uploads\/2025\/02\/MAKIETA_2-x-A3-format-przed-zlozeniem-A2-594-x-420-mm.pdf\">Ulotka sk\u0142adana_2 x A3, format przed z\u0142o\u017ceniem A2 (594 x 420 mm)<\/a><a href=\"https:\/\/www.sprintprint.pl\/wp-content\/uploads\/2025\/02\/MAKIETA_2-x-A3-format-przed-zlozeniem-A2-594-x-420-mm.pdf\" class=\"wp-block-file__button wp-element-button\" download aria-describedby=\"wp-block-file--media-133728db-74d6-4b4b-8814-33bd8c954478\">Pobierz<\/a><\/div>\n\n\n\n<div class=\"wp-block-file\"><a id=\"wp-block-file--media-18568c09-c440-4ea0-a44c-7b47e8e2a808\" href=\"https:\/\/www.sprintprint.pl\/wp-content\/uploads\/2025\/02\/MAKIETA_2-x-A4-format-przed-zlozeniem-594-x-210-mm.pdf\">Ulotka sk\u0142adana_2 x A4 , format przed z\u0142o\u017ceniem (594 x 210 mm)<\/a><a href=\"https:\/\/www.sprintprint.pl\/wp-content\/uploads\/2025\/02\/MAKIETA_2-x-A4-format-przed-zlozeniem-594-x-210-mm.pdf\" class=\"wp-block-file__button wp-element-button\" download aria-describedby=\"wp-block-file--media-18568c09-c440-4ea0-a44c-7b47e8e2a808\">Pobierz<\/a><\/div>\n\n\n\n<div class=\"wp-block-file\"><a id=\"wp-block-file--media-66c4a357-0be6-449a-b0d1-42288a3179d6\" href=\"https:\/\/www.sprintprint.pl\/wp-content\/uploads\/2025\/02\/MAKIETA_2-x-A4-format-przed-zlozeniem-A3-297-x-420-mm.pdf\">Ulotka sk\u0142adana_2 x A4, format przed z\u0142o\u017ceniem A3 (297 x 420 mm)<\/a><a href=\"https:\/\/www.sprintprint.pl\/wp-content\/uploads\/2025\/02\/MAKIETA_2-x-A4-format-przed-zlozeniem-A3-297-x-420-mm.pdf\" class=\"wp-block-file__button wp-element-button\" download aria-describedby=\"wp-block-file--media-66c4a357-0be6-449a-b0d1-42288a3179d6\">Pobierz<\/a><\/div>\n\n\n\n<div class=\"wp-block-file\"><a id=\"wp-block-file--media-02e4e6ec-8c3a-48c4-b2bf-659624a17a96\" href=\"https:\/\/www.sprintprint.pl\/wp-content\/uploads\/2025\/02\/MAKIETA_2-x-A5-format-przed-zlozeniem-420-x-148-mm.pdf\">Ulotka sk\u0142adana_2 x A5, format przed z\u0142o\u017ceniem (420 x 148 mm)<\/a><a href=\"https:\/\/www.sprintprint.pl\/wp-content\/uploads\/2025\/02\/MAKIETA_2-x-A5-format-przed-zlozeniem-420-x-148-mm.pdf\" class=\"wp-block-file__button wp-element-button\" download aria-describedby=\"wp-block-file--media-02e4e6ec-8c3a-48c4-b2bf-659624a17a96\">Pobierz<\/a><\/div>\n\n\n\n<div class=\"wp-block-file\"><a id=\"wp-block-file--media-29121e00-0e5f-4300-a56f-611e02eead12\" href=\"https:\/\/www.sprintprint.pl\/wp-content\/uploads\/2025\/02\/MAKIETA_2-x-A5-format-przed-zlozeniem-A4-210-x-297-mm.pdf\">Ulotka sk\u0142adana_2 x A5, format przed z\u0142o\u017ceniem A4 (210 x 297 mm)<\/a><a href=\"https:\/\/www.sprintprint.pl\/wp-content\/uploads\/2025\/02\/MAKIETA_2-x-A5-format-przed-zlozeniem-A4-210-x-297-mm.pdf\" class=\"wp-block-file__button wp-element-button\" download aria-describedby=\"wp-block-file--media-29121e00-0e5f-4300-a56f-611e02eead12\">Pobierz<\/a><\/div>\n\n\n\n<div class=\"wp-block-file\"><a id=\"wp-block-file--media-eb91e2b3-7979-48de-8d06-fa8f6c64c1a2\" href=\"https:\/\/www.sprintprint.pl\/wp-content\/uploads\/2025\/02\/MAKIETA_2-x-A6-format-przed-zlozeniem-296-x-105-mm.pdf\">Ulotka sk\u0142adana_2 x A6, format przed z\u0142o\u017ceniem (296 x 105 mm)<\/a><a href=\"https:\/\/www.sprintprint.pl\/wp-content\/uploads\/2025\/02\/MAKIETA_2-x-A6-format-przed-zlozeniem-296-x-105-mm.pdf\" class=\"wp-block-file__button wp-element-button\" download aria-describedby=\"wp-block-file--media-eb91e2b3-7979-48de-8d06-fa8f6c64c1a2\">Pobierz<\/a><\/div>\n\n\n\n<div class=\"wp-block-file\"><a id=\"wp-block-file--media-2b23b66e-f7a7-4b54-9ab5-70fa17cff26a\" href=\"https:\/\/www.sprintprint.pl\/wp-content\/uploads\/2025\/02\/MAKIETA_2-x-A6-format-przed-zlozeniem-A5-148-x-210-mm.pdf\">Ulotka sk\u0142adana_2 x A6, format przed z\u0142o\u017ceniem A5 (148 x 210 mm)<\/a><a href=\"https:\/\/www.sprintprint.pl\/wp-content\/uploads\/2025\/02\/MAKIETA_2-x-A6-format-przed-zlozeniem-A5-148-x-210-mm.pdf\" class=\"wp-block-file__button wp-element-button\" download aria-describedby=\"wp-block-file--media-2b23b66e-f7a7-4b54-9ab5-70fa17cff26a\">Pobierz<\/a><\/div>\n\n\n\n<div class=\"wp-block-file\"><a id=\"wp-block-file--media-a0fa9eeb-8fde-41d8-98be-79d66890a678\" href=\"https:\/\/www.sprintprint.pl\/wp-content\/uploads\/2024\/11\/ulotka_A4_210x297mm_makieta.pdf\">ulotka_A4_210x297mm_makieta<\/a><a href=\"https:\/\/www.sprintprint.pl\/wp-content\/uploads\/2024\/11\/ulotka_A4_210x297mm_makieta.pdf\" class=\"wp-block-file__button wp-element-button\" download aria-describedby=\"wp-block-file--media-a0fa9eeb-8fde-41d8-98be-79d66890a678\">Pobierz<\/a><\/div>\n\n\n\n<div class=\"wp-block-file\"><a id=\"wp-block-file--media-a121d1da-b1e4-45fd-84ad-b8eaa5addf4c\" href=\"https:\/\/www.sprintprint.pl\/wp-content\/uploads\/2024\/11\/ulotka_A5_148x210mm_makieta.pdf\">ulotka_A5_148x210mm_makieta<\/a><a href=\"https:\/\/www.sprintprint.pl\/wp-content\/uploads\/2024\/11\/ulotka_A5_148x210mm_makieta.pdf\" class=\"wp-block-file__button wp-element-button\" download aria-describedby=\"wp-block-file--media-a121d1da-b1e4-45fd-84ad-b8eaa5addf4c\">Pobierz<\/a><\/div>\n\n\n\n<div class=\"wp-block-file\"><a id=\"wp-block-file--media-694c706c-9e31-4abb-8f18-d506bac46ab7\" href=\"https:\/\/www.sprintprint.pl\/wp-content\/uploads\/2024\/11\/ulotka_A6_105x148mm_makieta.pdf\">ulotka_A6_105x148mm_makieta<\/a><a href=\"https:\/\/www.sprintprint.pl\/wp-content\/uploads\/2024\/11\/ulotka_A6_105x148mm_makieta.pdf\" class=\"wp-block-file__button wp-element-button\" download aria-describedby=\"wp-block-file--media-694c706c-9e31-4abb-8f18-d506bac46ab7\">Pobierz<\/a><\/div>\n\n\n\n<div class=\"wp-block-file\"><a id=\"wp-block-file--media-a488947c-8a99-444f-a30c-7456acb7fdb4\" href=\"https:\/\/www.sprintprint.pl\/wp-content\/uploads\/2024\/11\/ulotka_DL_99x210mm_makieta.pdf\">ulotka_DL_99x210mm_makieta<\/a><a href=\"https:\/\/www.sprintprint.pl\/wp-content\/uploads\/2024\/11\/ulotka_DL_99x210mm_makieta.pdf\" class=\"wp-block-file__button wp-element-button\" download aria-describedby=\"wp-block-file--media-a488947c-8a99-444f-a30c-7456acb7fdb4\">Pobierz<\/a><\/div>\n\n\n\n<p><\/p>\n\n\n\n<p class=\"has-text-align-center has-luminous-vivid-orange-color has-text-color has-link-color wp-elements-7b23edc9f9236ea004b26b0a3c59b417\"><strong>MAKIETY WIZYT\u00d3WEK<\/strong><\/p>\n\n\n\n<div class=\"wp-block-file\"><a id=\"wp-block-file--media-60200d5c-1213-4e44-bf0c-64c3254b1df0\" href=\"https:\/\/www.sprintprint.pl\/wp-content\/uploads\/2025\/02\/wizytowka_85x55mm_makieta.pdf\">wizytowka_85x55mm_makieta<\/a><a href=\"https:\/\/www.sprintprint.pl\/wp-content\/uploads\/2025\/02\/wizytowka_85x55mm_makieta.pdf\" class=\"wp-block-file__button wp-element-button\" download aria-describedby=\"wp-block-file--media-60200d5c-1213-4e44-bf0c-64c3254b1df0\">Pobierz<\/a><\/div>\n\n\n\n<div class=\"wp-block-file\"><a id=\"wp-block-file--media-cbaad07d-f455-4fcb-8759-ec7f8706fab1\" href=\"https:\/\/www.sprintprint.pl\/wp-content\/uploads\/2024\/11\/wizytowka_90x50mm_makieta.pdf\">wizytowka_90x50mm_makieta<\/a><a href=\"https:\/\/www.sprintprint.pl\/wp-content\/uploads\/2024\/11\/wizytowka_90x50mm_makieta.pdf\" class=\"wp-block-file__button wp-element-button\" download aria-describedby=\"wp-block-file--media-cbaad07d-f455-4fcb-8759-ec7f8706fab1\">Pobierz<\/a><\/div>\n\n\n\n<p><\/p>\n\n\n\n<p class=\"has-text-align-center has-luminous-vivid-orange-color has-text-color has-link-color wp-elements-3d77b57d32e51b61d38e38a50350fd07\"><strong>MAKIETY PLAKAT\u00d3W<\/strong><\/p>\n\n\n\n<div class=\"wp-block-file\"><a id=\"wp-block-file--media-36b413a4-b38f-46fc-8162-bb0289d7c7d2\" href=\"https:\/\/www.sprintprint.pl\/wp-content\/uploads\/2025\/02\/plakat_594x840mm_makieta.pdf\">plakat A1_594x840mm_makieta<\/a><a href=\"https:\/\/www.sprintprint.pl\/wp-content\/uploads\/2025\/02\/plakat_594x840mm_makieta.pdf\" class=\"wp-block-file__button wp-element-button\" download aria-describedby=\"wp-block-file--media-36b413a4-b38f-46fc-8162-bb0289d7c7d2\">Pobierz<\/a><\/div>\n\n\n\n<div class=\"wp-block-file\"><a id=\"wp-block-file--media-6f2d8b14-7e98-435f-8fa0-0135a7e0f2e5\" href=\"https:\/\/www.sprintprint.pl\/wp-content\/uploads\/2025\/02\/plakat_420x594mm_makieta.pdf\">plakat A2_420x594mm_makieta<\/a><a href=\"https:\/\/www.sprintprint.pl\/wp-content\/uploads\/2025\/02\/plakat_420x594mm_makieta.pdf\" class=\"wp-block-file__button wp-element-button\" download aria-describedby=\"wp-block-file--media-6f2d8b14-7e98-435f-8fa0-0135a7e0f2e5\">Pobierz<\/a><\/div>\n\n\n\n<div class=\"wp-block-file\"><a id=\"wp-block-file--media-98c8f790-7ea9-4113-bd69-57757eae6936\" href=\"https:\/\/www.sprintprint.pl\/wp-content\/uploads\/2025\/02\/plakat_297x420mm_makieta.pdf\">plakat A3_297x420mm_makieta<\/a><a href=\"https:\/\/www.sprintprint.pl\/wp-content\/uploads\/2025\/02\/plakat_297x420mm_makieta.pdf\" class=\"wp-block-file__button wp-element-button\" download aria-describedby=\"wp-block-file--media-98c8f790-7ea9-4113-bd69-57757eae6936\">Pobierz<\/a><\/div>\n\n\n\n<div class=\"wp-block-file\"><a id=\"wp-block-file--media-0e7b83f6-10a0-42c0-ba92-73afad00a576\" href=\"https:\/\/www.sprintprint.pl\/wp-content\/uploads\/2025\/02\/plakat_480x680.pdf\">plakat_B2_480x680mm_makieta<\/a><a href=\"https:\/\/www.sprintprint.pl\/wp-content\/uploads\/2025\/02\/plakat_480x680.pdf\" class=\"wp-block-file__button wp-element-button\" download aria-describedby=\"wp-block-file--media-0e7b83f6-10a0-42c0-ba92-73afad00a576\">Pobierz<\/a><\/div>\n\n\n\n<div class=\"wp-block-file\"><a id=\"wp-block-file--media-ccf4a33e-a876-42b2-a641-e6fa0d12e88d\" href=\"https:\/\/www.sprintprint.pl\/wp-content\/uploads\/2025\/02\/2024_02_14_plakat_340x480_b3.pdf\">plakat_B3_340x480mm_makieta<\/a><a href=\"https:\/\/www.sprintprint.pl\/wp-content\/uploads\/2025\/02\/2024_02_14_plakat_340x480_b3.pdf\" class=\"wp-block-file__button wp-element-button\" download aria-describedby=\"wp-block-file--media-ccf4a33e-a876-42b2-a641-e6fa0d12e88d\">Pobierz<\/a><\/div>\n\n\n\n<p><\/p>\n\n\n\n<p class=\"has-text-align-center has-luminous-vivid-orange-color has-text-color has-link-color wp-elements-2fea72c82045b6769eeeded7ebcf25f1\"><strong>MAKIETA PAPIERU FIRMOWEGO<\/strong><\/p>\n\n\n\n<div class=\"wp-block-file\"><a id=\"wp-block-file--media-d6f70fa5-356e-493e-8dd7-9ccb359ae957\" href=\"https:\/\/www.sprintprint.pl\/wp-content\/uploads\/2024\/11\/papier_firmowy_210x297mm_makieta.pdf\">papier_firmowy_210x297mm_makieta<\/a><a href=\"https:\/\/www.sprintprint.pl\/wp-content\/uploads\/2024\/11\/papier_firmowy_210x297mm_makieta.pdf\" class=\"wp-block-file__button wp-element-button\" download aria-describedby=\"wp-block-file--media-d6f70fa5-356e-493e-8dd7-9ccb359ae957\">Pobierz<\/a><\/div>\n\n\n\n<p><\/p>\n\n\n\n<p><\/p>\n\n\n\n<p class=\"has-text-align-center has-luminous-vivid-orange-color has-text-color has-link-color wp-elements-fd8f29bfe9ade0379695291e6fe6b54b\"><strong>MAKIETY TECZEK OFERTOWYCH<\/strong><\/p>\n\n\n\n<div class=\"wp-block-file\"><a id=\"wp-block-file--media-d20534f8-8e95-4111-a78c-150caa2f950c\" href=\"https:\/\/www.sprintprint.pl\/wp-content\/uploads\/2025\/02\/makieta_teczka-bez-grzbietu.pdf\">makieta_teczka bez grzbietu<\/a><a href=\"https:\/\/www.sprintprint.pl\/wp-content\/uploads\/2025\/02\/makieta_teczka-bez-grzbietu.pdf\" class=\"wp-block-file__button wp-element-button\" download aria-describedby=\"wp-block-file--media-d20534f8-8e95-4111-a78c-150caa2f950c\">Pobierz<\/a><\/div>\n\n\n\n<div class=\"wp-block-file\"><a id=\"wp-block-file--media-71d8ae0d-36dc-4883-ba8e-3e8b66081e22\" href=\"https:\/\/www.sprintprint.pl\/wp-content\/uploads\/2025\/02\/makieta_teczka_3mm.pdf\">makieta_teczka_3mm<\/a><a href=\"https:\/\/www.sprintprint.pl\/wp-content\/uploads\/2025\/02\/makieta_teczka_3mm.pdf\" class=\"wp-block-file__button wp-element-button\" download aria-describedby=\"wp-block-file--media-71d8ae0d-36dc-4883-ba8e-3e8b66081e22\">Pobierz<\/a><\/div>\n\n\n\n<div class=\"wp-block-file\"><a id=\"wp-block-file--media-e37783a0-776e-4b08-acb0-116ccf2bd0f4\" href=\"https:\/\/www.sprintprint.pl\/wp-content\/uploads\/2025\/02\/makieta_teczka_5mm.pdf\">makieta_teczka_5mm<\/a><a href=\"https:\/\/www.sprintprint.pl\/wp-content\/uploads\/2025\/02\/makieta_teczka_5mm.pdf\" class=\"wp-block-file__button wp-element-button\" download aria-describedby=\"wp-block-file--media-e37783a0-776e-4b08-acb0-116ccf2bd0f4\">Pobierz<\/a><\/div>\n\n\n\n<p><\/p>\n\n\n\n<p class=\"has-text-align-center has-luminous-vivid-orange-color has-text-color has-link-color wp-elements-22f69ab398f4aadb6b4ff6c70867cc5d\"><strong>MAKIETY KATALOG\u00d3W KLEJONYCH<\/strong><\/p>\n\n\n\n<div class=\"wp-block-file\"><a id=\"wp-block-file--media-43a88e72-fc55-41ec-afc6-491b6b1dbaca\" href=\"https:\/\/www.sprintprint.pl\/wp-content\/uploads\/2025\/02\/katalog_klejony_a4_1.pdf\">katalog_klejony_a4_1<\/a><a href=\"https:\/\/www.sprintprint.pl\/wp-content\/uploads\/2025\/02\/katalog_klejony_a4_1.pdf\" class=\"wp-block-file__button wp-element-button\" download aria-describedby=\"wp-block-file--media-43a88e72-fc55-41ec-afc6-491b6b1dbaca\">Pobierz<\/a><\/div>\n\n\n\n<div class=\"wp-block-file\"><a id=\"wp-block-file--media-e6689ba8-1ebc-4b6b-a65b-74c5526db8ea\" href=\"https:\/\/www.sprintprint.pl\/wp-content\/uploads\/2025\/02\/katalog_klejony_a5_1.pdf\">katalog_klejony_a5_1<\/a><a href=\"https:\/\/www.sprintprint.pl\/wp-content\/uploads\/2025\/02\/katalog_klejony_a5_1.pdf\" class=\"wp-block-file__button wp-element-button\" download aria-describedby=\"wp-block-file--media-e6689ba8-1ebc-4b6b-a65b-74c5526db8ea\">Pobierz<\/a><\/div>\n\n\n\n<div class=\"wp-block-file\"><a id=\"wp-block-file--media-2c7fd35a-7a38-4449-986a-e15d55797042\" href=\"https:\/\/www.sprintprint.pl\/wp-content\/uploads\/2025\/02\/katalog_klejony_a6_1.pdf\">katalog_klejony_a6_1<\/a><a href=\"https:\/\/www.sprintprint.pl\/wp-content\/uploads\/2025\/02\/katalog_klejony_a6_1.pdf\" class=\"wp-block-file__button wp-element-button\" download aria-describedby=\"wp-block-file--media-2c7fd35a-7a38-4449-986a-e15d55797042\">Pobierz<\/a><\/div>\n\n\n\n<p><\/p>\n\n\n\n<p class=\"has-text-align-center has-luminous-vivid-orange-color has-text-color has-link-color wp-elements-4e591ae3cbf85fcbdd7aaca5ba9b5eee\"><strong>MAKIETY KATALOG\u00d3W SZYTYCH<\/strong><\/p>\n\n\n\n<div class=\"wp-block-file\"><a id=\"wp-block-file--media-4a4943a5-1c7b-4193-98b4-c79cc52679b2\" href=\"https:\/\/www.sprintprint.pl\/wp-content\/uploads\/2025\/02\/katalog_klejony_a4_1-1.pdf\">katalog_klejony_a4_1<\/a><a href=\"https:\/\/www.sprintprint.pl\/wp-content\/uploads\/2025\/02\/katalog_klejony_a4_1-1.pdf\" class=\"wp-block-file__button wp-element-button\" download aria-describedby=\"wp-block-file--media-4a4943a5-1c7b-4193-98b4-c79cc52679b2\">Pobierz<\/a><\/div>\n\n\n\n<div class=\"wp-block-file\"><a id=\"wp-block-file--media-5997fc66-9528-4f3d-bea6-bbde341afa80\" href=\"https:\/\/www.sprintprint.pl\/wp-content\/uploads\/2025\/02\/katalog_klejony_a5_1-1.pdf\">katalog_klejony_a5_1<\/a><a href=\"https:\/\/www.sprintprint.pl\/wp-content\/uploads\/2025\/02\/katalog_klejony_a5_1-1.pdf\" class=\"wp-block-file__button wp-element-button\" download aria-describedby=\"wp-block-file--media-5997fc66-9528-4f3d-bea6-bbde341afa80\">Pobierz<\/a><\/div>\n\n\n\n<div class=\"wp-block-file\"><a id=\"wp-block-file--media-b802c3ea-7c5d-4079-bc11-9536012ed049\" href=\"https:\/\/www.sprintprint.pl\/wp-content\/uploads\/2025\/02\/katalog_klejony_a6_1-1.pdf\">katalog_klejony_a6_1<\/a><a href=\"https:\/\/www.sprintprint.pl\/wp-content\/uploads\/2025\/02\/katalog_klejony_a6_1-1.pdf\" class=\"wp-block-file__button wp-element-button\" download aria-describedby=\"wp-block-file--media-b802c3ea-7c5d-4079-bc11-9536012ed049\">Pobierz<\/a><\/div>\n\n\n\n<p><\/p>\n\n\n\n<p class=\"has-text-align-center has-luminous-vivid-orange-color has-text-color has-link-color wp-elements-80297c7c4d44ca388ea527657a74e283\"><strong>MAKIETY ROLLUP\u00d3W<\/strong><\/p>\n\n\n\n<div class=\"wp-block-file\"><a id=\"wp-block-file--media-e24db629-d36f-474d-8417-df4adfc87c84\" href=\"https:\/\/www.sprintprint.pl\/wp-content\/uploads\/2025\/02\/rollup_85x200x.pdf\">rollup_85x200x<\/a><a href=\"https:\/\/www.sprintprint.pl\/wp-content\/uploads\/2025\/02\/rollup_85x200x.pdf\" class=\"wp-block-file__button wp-element-button\" download aria-describedby=\"wp-block-file--media-e24db629-d36f-474d-8417-df4adfc87c84\">Pobierz<\/a><\/div>\n\n\n\n<div class=\"wp-block-file\"><a id=\"wp-block-file--media-39ea249b-563e-443e-a071-e82e6a48ce43\" href=\"https:\/\/www.sprintprint.pl\/wp-content\/uploads\/2025\/02\/rollup_100x200.pdf\">rollup_100x200<\/a><a href=\"https:\/\/www.sprintprint.pl\/wp-content\/uploads\/2025\/02\/rollup_100x200.pdf\" class=\"wp-block-file__button wp-element-button\" download aria-describedby=\"wp-block-file--media-39ea249b-563e-443e-a071-e82e6a48ce43\">Pobierz<\/a><\/div>\n\n\n\n<div class=\"wp-block-file\"><a id=\"wp-block-file--media-800a5ffb-e687-40e3-9caa-67f5f19df614\" href=\"https:\/\/www.sprintprint.pl\/wp-content\/uploads\/2025\/02\/rollup_120x200.pdf\">rollup_120x200<\/a><a href=\"https:\/\/www.sprintprint.pl\/wp-content\/uploads\/2025\/02\/rollup_120x200.pdf\" class=\"wp-block-file__button wp-element-button\" download aria-describedby=\"wp-block-file--media-800a5ffb-e687-40e3-9caa-67f5f19df614\">Pobierz<\/a><\/div>\n\n\n\n<p><\/p>\n\n\n\n<p class=\"has-text-align-center has-luminous-vivid-orange-color has-text-color has-link-color wp-elements-703e8c076898145a9f5c0fafcd8864f1\"><strong>MAKIETY ZAPROSZE\u0143 NIESK\u0141ADANYCH<\/strong><\/p>\n\n\n\n<div class=\"wp-block-file\"><a id=\"wp-block-file--media-ca69db32-7ed8-4a61-90c8-86e0463a8029\" href=\"https:\/\/www.sprintprint.pl\/wp-content\/uploads\/2025\/03\/zaproszenia_bez_skladania_dl.pdf\">zaproszenia_bez_skladania_dl<\/a><a href=\"https:\/\/www.sprintprint.pl\/wp-content\/uploads\/2025\/03\/zaproszenia_bez_skladania_dl.pdf\" class=\"wp-block-file__button wp-element-button\" download aria-describedby=\"wp-block-file--media-ca69db32-7ed8-4a61-90c8-86e0463a8029\">Pobierz<\/a><\/div>\n\n\n\n<p><\/p>\n\n\n\n<p class=\"has-text-align-center has-luminous-vivid-orange-color has-text-color has-link-color wp-elements-f97f89cf8995e20636a81cfaa9122a17\"><strong>MAKIETY NOTES\u00d3W KLEJONYCH<\/strong><\/p>\n\n\n\n<div class=\"wp-block-file\"><a id=\"wp-block-file--media-0e19a55e-d44e-4697-89e8-a481eaaea740\" href=\"https:\/\/www.sprintprint.pl\/wp-content\/uploads\/2025\/03\/notes_148x210mm_makieta.pdf\">notes_148x210mm_makieta<\/a><a href=\"https:\/\/www.sprintprint.pl\/wp-content\/uploads\/2025\/03\/notes_148x210mm_makieta.pdf\" class=\"wp-block-file__button wp-element-button\" download aria-describedby=\"wp-block-file--media-0e19a55e-d44e-4697-89e8-a481eaaea740\">Pobierz<\/a><\/div>\n\n\n\n<div class=\"wp-block-file\"><a id=\"wp-block-file--media-8c5638df-7a8d-43cf-8075-8161c4b3d628\" href=\"https:\/\/www.sprintprint.pl\/wp-content\/uploads\/2025\/03\/notes_105x148mm_makieta.pdf\">notes_105x148mm_makieta<\/a><a href=\"https:\/\/www.sprintprint.pl\/wp-content\/uploads\/2025\/03\/notes_105x148mm_makieta.pdf\" class=\"wp-block-file__button wp-element-button\" download aria-describedby=\"wp-block-file--media-8c5638df-7a8d-43cf-8075-8161c4b3d628\">Pobierz<\/a><\/div>\n\n\n\n<p><\/p>\n\n\n\n<p class=\"has-text-align-center has-luminous-vivid-orange-color has-text-color has-link-color wp-elements-26a26c623e80a6b249869067c60162f3\"><strong>MAKIETY KALENDARZY TR\u00d3JDZIELNYCH<\/strong><\/p>\n\n\n\n<div class=\"wp-block-file\"><a id=\"wp-block-file--media-903016ff-fbba-4333-9d70-082922d96dfe\" href=\"https:\/\/www.sprintprint.pl\/wp-content\/uploads\/2025\/03\/2024_10_14_kalendarz_trojdzielny_prosty.pdf\">kalendarz_trojdzielny_z_okienkiem<\/a><a href=\"https:\/\/www.sprintprint.pl\/wp-content\/uploads\/2025\/03\/2024_10_14_kalendarz_trojdzielny_prosty.pdf\" class=\"wp-block-file__button wp-element-button\" download aria-describedby=\"wp-block-file--media-903016ff-fbba-4333-9d70-082922d96dfe\">Pobierz<\/a><\/div>\n\n\n\n<div class=\"wp-block-file\"><a id=\"wp-block-file--media-2ef55644-fe2e-44a9-910c-8c230232454e\" href=\"https:\/\/www.sprintprint.pl\/wp-content\/uploads\/2025\/03\/2024_11_28_kalendarz_ekonomiczny_290x230_1.pdf\">kalendarz_ekonomiczny_290x230<\/a><a href=\"https:\/\/www.sprintprint.pl\/wp-content\/uploads\/2025\/03\/2024_11_28_kalendarz_ekonomiczny_290x230_1.pdf\" class=\"wp-block-file__button wp-element-button\" download aria-describedby=\"wp-block-file--media-2ef55644-fe2e-44a9-910c-8c230232454e\">Pobierz<\/a><\/div>\n\n\n\n<p><\/p>\n\n\n\n<p class=\"has-text-align-center has-luminous-vivid-orange-color has-text-color has-link-color wp-elements-912982fd04de479573d6df661a4bb413\"><strong>MAKIETY NAKLEJEK CI\u0118TYCH<\/strong><\/p>\n\n\n\n<div class=\"wp-block-file\"><a id=\"wp-block-file--media-3d889d65-5b54-4ad6-8bdd-8837c5d8df1d\" href=\"https:\/\/www.sprintprint.pl\/wp-content\/uploads\/2025\/03\/naklejka_gilotyna_makieta-50x50-1.pdf\">naklejka_gilotyna_makieta 50&#215;50<\/a><a href=\"https:\/\/www.sprintprint.pl\/wp-content\/uploads\/2025\/03\/naklejka_gilotyna_makieta-50x50-1.pdf\" class=\"wp-block-file__button wp-element-button\" download aria-describedby=\"wp-block-file--media-3d889d65-5b54-4ad6-8bdd-8837c5d8df1d\">Pobierz<\/a><\/div>\n\n\n\n<div class=\"wp-block-file\"><a id=\"wp-block-file--media-c0f1c719-44b3-49fa-8c56-66e0df278eef\" href=\"https:\/\/www.sprintprint.pl\/wp-content\/uploads\/2025\/03\/naklejka_gilotyna_makieta-100x100-1.pdf\">naklejka_gilotyna_makieta 100&#215;100<\/a><a href=\"https:\/\/www.sprintprint.pl\/wp-content\/uploads\/2025\/03\/naklejka_gilotyna_makieta-100x100-1.pdf\" class=\"wp-block-file__button wp-element-button\" download aria-describedby=\"wp-block-file--media-c0f1c719-44b3-49fa-8c56-66e0df278eef\">Pobierz<\/a><\/div>\n\n\n\n<p><\/p>\n\n\n\n<p class=\"has-text-align-center has-luminous-vivid-orange-color has-text-color has-link-color wp-elements-73ddb8fb7fc70dbf9b8c8ca2bdfab484\"><strong>MAKIETA KARTEK POCZTOWYCH<\/strong><\/p>\n\n\n\n<div class=\"wp-block-file\"><a id=\"wp-block-file--media-27a03344-0170-4c35-885a-8e1600431f07\" href=\"https:\/\/www.sprintprint.pl\/wp-content\/uploads\/2025\/03\/karta_pocztowa_105x148mm_makieta.pdf\">karta_pocztowa_105x148mm_makieta<\/a><a href=\"https:\/\/www.sprintprint.pl\/wp-content\/uploads\/2025\/03\/karta_pocztowa_105x148mm_makieta.pdf\" class=\"wp-block-file__button wp-element-button\" download aria-describedby=\"wp-block-file--media-27a03344-0170-4c35-885a-8e1600431f07\">Pobierz<\/a><\/div>\n\n\n\n<p><\/p>\n\n\n\n<p class=\"has-text-align-center has-luminous-vivid-orange-color has-text-color has-link-color wp-elements-d0b3a637a18d51953ebea3268a7efe80\"><strong>MAKIETA ZAK\u0141ADKI DO KSI\u0104\u017bEK<\/strong><\/p>\n\n\n\n<div class=\"wp-block-file\"><a id=\"wp-block-file--media-a1bccbc2-4319-42f8-a5f1-b963652ff943\" href=\"https:\/\/www.sprintprint.pl\/wp-content\/uploads\/2025\/03\/2024_06_20_linijka_160x50mm.pdf\">zakladka_160x50mm<\/a><a href=\"https:\/\/www.sprintprint.pl\/wp-content\/uploads\/2025\/03\/2024_06_20_linijka_160x50mm.pdf\" class=\"wp-block-file__button wp-element-button\" download aria-describedby=\"wp-block-file--media-a1bccbc2-4319-42f8-a5f1-b963652ff943\">Pobierz<\/a><\/div>\n\n\n\n<p><\/p>\n\n\n\n<p class=\"has-text-align-center has-luminous-vivid-orange-color has-text-color has-link-color wp-elements-0e00f433923344354b150b2b568b6cdd\"><strong>MAKIETA KALENDARZA BIURKOWEGO<\/strong><\/p>\n\n\n\n<div class=\"wp-block-file\"><a id=\"wp-block-file--media-87dd3419-f7ab-4273-94cd-e3b302541afa\" href=\"https:\/\/www.sprintprint.pl\/wp-content\/uploads\/2025\/03\/kalendarz_biurkowy_personalizowany_makieta.pdf\">kalendarz_biurkowy_personalizowany_makieta<\/a><a href=\"https:\/\/www.sprintprint.pl\/wp-content\/uploads\/2025\/03\/kalendarz_biurkowy_personalizowany_makieta.pdf\" class=\"wp-block-file__button wp-element-button\" download aria-describedby=\"wp-block-file--media-87dd3419-f7ab-4273-94cd-e3b302541afa\">Pobierz<\/a><\/div>\n\n\n\n<p><\/p>\n\n\n\n<p class=\"has-text-align-center has-luminous-vivid-orange-color has-text-color has-link-color wp-elements-5b1239ca6a5af9b211fe2e751ba98e89\"><strong>MAKIETA BILETU<\/strong><\/p>\n\n\n\n<div class=\"wp-block-file\"><a id=\"wp-block-file--media-f3467d2b-7621-4108-84b8-1980642d4345\" href=\"https:\/\/www.sprintprint.pl\/wp-content\/uploads\/2025\/03\/bilety_150x50_makieta.pdf\">bilety_150x50_makieta<\/a><a href=\"https:\/\/www.sprintprint.pl\/wp-content\/uploads\/2025\/03\/bilety_150x50_makieta.pdf\" class=\"wp-block-file__button wp-element-button\" download aria-describedby=\"wp-block-file--media-f3467d2b-7621-4108-84b8-1980642d4345\">Pobierz<\/a><\/div>\n\n\n\n<p><\/p>\n","protected":false},"excerpt":{"rendered":"<p>MAKIETY ULOTEK MAKIETY WIZYT\u00d3WEK MAKIETY PLAKAT\u00d3W MAKIETA PAPIERU FIRMOWEGO MAKIETY TECZEK OFERTOWYCH MAKIETY KATALOG\u00d3W KLEJONYCH MAKIETY KATALOG\u00d3W SZYTYCH MAKIETY ROLLUP\u00d3W MAKIETY ZAPROSZE\u0143 NIESK\u0141ADANYCH MAKIETY NOTES\u00d3W KLEJONYCH MAKIETY KALENDARZY TR\u00d3JDZIELNYCH MAKIETY NAKLEJEK CI\u0118TYCH MAKIETA KARTEK POCZTOWYCH MAKIETA ZAK\u0141ADKI DO KSI\u0104\u017bEK MAKIETA KALENDARZA BIURKOWEGO MAKIETA BILETU<\/p>\n","protected":false},"author":1,"featured_media":0,"parent":0,"menu_order":0,"comment_status":"closed","ping_status":"closed","template":"","meta":{"footnotes":""},"class_list":["post-756","page","type-page","status-publish","hentry"],"jetpack_sharing_enabled":true,"_links":{"self":[{"href":"https:\/\/www.sprintprint.pl\/index.php\/wp-json\/wp\/v2\/pages\/756","targetHints":{"allow":["GET"]}}],"collection":[{"href":"https:\/\/www.sprintprint.pl\/index.php\/wp-json\/wp\/v2\/pages"}],"about":[{"href":"https:\/\/www.sprintprint.pl\/index.php\/wp-json\/wp\/v2\/types\/page"}],"author":[{"embeddable":true,"href":"https:\/\/www.sprintprint.pl\/index.php\/wp-json\/wp\/v2\/users\/1"}],"replies":[{"embeddable":true,"href":"https:\/\/www.sprintprint.pl\/index.php\/wp-json\/wp\/v2\/comments?post=756"}],"version-history":[{"count":17,"href":"https:\/\/www.sprintprint.pl\/index.php\/wp-json\/wp\/v2\/pages\/756\/revisions"}],"predecessor-version":[{"id":2936,"href":"https:\/\/www.sprintprint.pl\/index.php\/wp-json\/wp\/v2\/pages\/756\/revisions\/2936"}],"wp:attachment":[{"href":"https:\/\/www.sprintprint.pl\/index.php\/wp-json\/wp\/v2\/media?parent=756"}],"curies":[{"name":"wp","href":"https:\/\/api.w.org\/{rel}","templated":true}]}}