{"id":529,"date":"2025-02-10T14:56:22","date_gmt":"2025-02-10T14:56:22","guid":{"rendered":"https:\/\/www.sprintprint.pl\/?page_id=529"},"modified":"2025-02-28T17:16:26","modified_gmt":"2025-02-28T17:16:26","slug":"przygotowanie-pracy","status":"publish","type":"page","link":"https:\/\/www.sprintprint.pl\/index.php\/przygotowanie-pracy\/","title":{"rendered":"Przygotowanie projektu"},"content":{"rendered":"\n<p class=\"has-medium-font-size\"><strong><a href=\"https:\/\/www.sprintprint.pl\/index.php\/makiety\/\" data-type=\"link\" data-id=\"https:\/\/www.sprintprint.pl\/index.php\/makiety\/\">PRZYGOTUJ PROJEKT ZGODNIE Z MAKIETAMI<\/a><\/strong> !!!<\/p>\n\n\n\n<ol class=\"wp-block-list\"><\/ol>\n\n\n\n<div class=\"wp-block-group is-layout-grid wp-container-core-group-is-layout-9649a0d9 wp-block-group-is-layout-grid\">\n<p class=\"has-drop-cap has-small-font-size\"><strong>SPADY<\/strong><br>Najwa\u017cniejsz\u0105 czynno\u015bci\u0105 na pocz\u0105tku pracy nad projektem jest prawid\u0142owe ustawienie strony roboczej, czyli obszaru na kt\u00f3rym powstanie projekt. W programach do grafiki wektorowej (Illustrator, Corel) ustaw stron\u0119 netto (wymiary po doci\u0119ciu) &#8211; np. ulotka 105x148mm i dodaj do niej obszar spadu. Wyj\u0105tkiem jest Photoshop gdzie nale\u017cy od razu ustawi\u0107 obszar roboczy ze spadami po 2mm z ka\u017cdej strony\u2013 np. dla ulotki 105x148mm b\u0119dzie to 109x152mm<\/p>\n\n\n\n<p class=\"has-drop-cap has-small-font-size wp-container-content-69bc4bdf\"><strong>BEZPIECZNE MARGINESY<br><\/strong>Wszystkie teksty, logo oraz inne istotne elementy w pobli\u017cu kraw\u0119dzi musz\u0105 by\u0107 od niej odsuni\u0119te o 3mm. Zachowaj bezpieczne marginesy aby unikn\u0105\u0107 przyci\u0119cia tekstu i zadba\u0107 o estetyk\u0119 projektu. Korzystanie z prowadnic u\u0142atwia prac\u0119; nale\u017cy jednak pami\u0119ta\u0107 aby prowadnice, linie ci\u0119cia oraz makiety umieszcza\u0107 na warstwach zablokowanych do druku lub usun\u0105\u0107 przed zapisem.<\/p>\n\n\n\n<p class=\"has-drop-cap has-small-font-size wp-container-content-69bc4bdf\"><strong>PRZESTRZE\u0143 KOLOR\u00d3W<br><\/strong>Ka\u017cdy projekt przeznaczony do druku nale\u017cy utworzy\u0107 w trybie kolor\u00f3w CMYK. Je\u015bli mimo to w projekcie zastosowano kolory RGB, PANTONE lub inne \u2013 zostan\u0105 one konwertowane do przestrzeni CMYK automatycznie po czym mog\u0105 znacznie r\u00f3\u017cni\u0107 si\u0119 od zadanych pierwotnie, za co drukarnia nie bierze odpowiedzialno\u015bci. Aby zachowa\u0107 pe\u0142n\u0105 kontrol\u0119 nad wygl\u0105dem projektu samodzielnie zamie\u0144 RGB na CMYK.<\/p>\n\n\n\n<p class=\"has-drop-cap has-small-font-size wp-container-content-3aa304ef\"><strong>ROZDZIELCZO\u015a\u0106 ZDJ\u0118\u0106<\/strong><br>Obrazy u\u017cyte w projekcie przeznaczonym do druku powinny mie\u0107 rozdzielczo\u015b\u0107 300 dpi.<br><br><\/p>\n\n\n\n<p class=\"has-drop-cap has-small-font-size wp-container-content-4bed7a5c\"><strong>ZAMIANA TEKST\u00d3W NA KRZYWE<\/strong><br>Cz\u0119stym powodem odrzucenia projektu s\u0105 brakuj\u0105ce fonty w plikach otwartych. Aby wygl\u0105d tekst\u00f3w pozosta\u0142 zgodny z zamierzeniem grafika nale\u017cy przekszta\u0142ci\u0107 je w krzywe. Zaznacz wszystkie teksty wyst\u0119puj\u0105ce w dokumencie, a nast\u0119pnie:<br>Corel:&nbsp;Rozmie\u015b\u0107 &gt; przekszta\u0142\u0107 w krzywe&nbsp;lub wci\u015bnij CTRL+Q<br>Illustrator: Tekst &gt;&nbsp;zamie\u0144 na krzywe&nbsp;lub wci\u015bnij SHITF+CTRL+O<br>Photoshop: Warstwa &gt;&nbsp;rasteryzuj &gt;&nbsp;warstwa tekstowa&nbsp;lub wci\u015bnij SHIFT+CTRL+E aby sp\u0142aszczy\u0107 ca\u0142y obraz.<br>W przypadku prac zapisanych w formacie PDF z du\u017c\u0105 ilo\u015bci\u0105 tekst\u00f3w np. katalogi nale\u017cy korzysta\u0107 ze standardowych kroj\u00f3w pism i prawid\u0142owo osadzi\u0107 fonty w pliku.<\/p>\n\n\n\n<p class=\"has-drop-cap has-small-font-size wp-container-content-69bc4bdf\"><strong>ZGODNO\u015a\u0106 PROJEKTU Z ZAM\u00d3WIENIEM<\/strong><br>Zgodno\u015b\u0107 projektu z parametrami zlecenia jest pierwsz\u0105 rzecz\u0105 jak\u0105 sprawdzaj\u0105 weryfikatorzy zajmuj\u0105c si\u0119 Twoim zam\u00f3wieniem. Je\u015bli zam\u00f3wi\u0142e\u015b np.&nbsp;ulotki w druku dwustronnym&nbsp;a w pliku jest tylko jedna strona zam\u00f3wienie zostanie wstrzymane do czasu zmiany pliku lub zam\u00f3wienia. Cz\u0119stym b\u0142\u0119dem jest r\u00f3wnie\u017c pomy\u0142ka dotycz\u0105ca formatu np. A5 i A6. Dlatego aby realizacja Twojego zam\u00f3wienia nie by\u0142a niepotrzebnie przed\u0142u\u017cona zawsze sprawd\u017a czy parametry zam\u00f3wienia odpowiadaj\u0105 Twoim zamiarom i s\u0105 zgodne z projektem.<\/p>\n\n\n\n<p class=\"wp-container-content-69bc4bdf\"><br><\/p>\n<\/div>\n\n\n\n<div class=\"wp-block-columns is-layout-flex wp-container-core-columns-is-layout-9d6595d7 wp-block-columns-is-layout-flex\">\n<div class=\"wp-block-column is-layout-flow wp-block-column-is-layout-flow\">\n<p class=\"has-drop-cap has-small-font-size\"><strong>ZAPIS PROJEKTU DO PDF<\/strong><br>Format PDF jest zalecanym i preferowanym formatem plik\u00f3w w naszej drukarni. Pliki PDF zachowuj\u0105 wszystkie informacje z plik\u00f3w \u017ar\u00f3d\u0142owych. Umo\u017cliwiaj\u0105 pewne i bezb\u0142\u0119dne odtworzenie wygl\u0105du projektu na innym urz\u0105dzeniu oraz druk &#8211; co nie zawsze jest mo\u017cliwe w przypadku plik\u00f3w otwartych (\u017ar\u00f3d\u0142owych). SprintPrint akceptuje PDF w trybie zgodno\u015bci&nbsp;<strong>Acrobat 5 (PDF1.4)<\/strong>&nbsp;Gdy upewni\u0142e\u015b si\u0119, \u017ce Tw\u00f3j projekt spe\u0142nia wszystkie&nbsp;wymagania prawid\u0142owego przygotowania do druku&nbsp;zapisz plik PDF korzystaj\u0105c z instrukcji dla Twojego programu graficznego.<\/p>\n<\/div>\n\n\n\n<div class=\"wp-block-column is-layout-flow wp-block-column-is-layout-flow\"><\/div>\n\n\n\n<div class=\"wp-block-column is-layout-flow wp-block-column-is-layout-flow\"><\/div>\n<\/div>\n\n\n\n<div class=\"wp-block-group\"><div class=\"wp-block-group__inner-container is-layout-constrained wp-block-group-is-layout-constrained\">\n<div class=\"wp-block-columns is-layout-flex wp-container-core-columns-is-layout-9d6595d7 wp-block-columns-is-layout-flex\">\n<div class=\"wp-block-column is-layout-flow wp-block-column-is-layout-flow\" style=\"flex-basis:100%\">\n<div class=\"wp-block-group\"><div class=\"wp-block-group__inner-container is-layout-constrained wp-block-group-is-layout-constrained\">\n<p class=\"has-drop-cap has-medium-font-size\"><strong>NAJCZ\u0118STSZE B\u0141\u0118DY W PROJEKTACH<br>1. <\/strong>Niezgodno\u015b\u0107 parametr\u00f3w zam\u00f3wienia z projektem<strong><br>2. <\/strong>Brak spad\u00f3w<strong><br>3. <\/strong>Teksty niezamienione na krzywe<strong><br>4. <\/strong>Nieprawid\u0142owe rozszerzenie pliku (inne ni\u017c pdf)<strong><br>5. <\/strong> Nieodpowiednia rozdzielczo\u015b\u0107 bitmap<\/p>\n\n\n\n<p><\/p>\n\n\n\n<p class=\"wp-container-content-69bc4bdf\"><\/p>\n<\/div><\/div>\n<\/div>\n<\/div>\n<\/div><\/div>\n","protected":false},"excerpt":{"rendered":"<p>PRZYGOTUJ PROJEKT ZGODNIE Z MAKIETAMI !!! SPADYNajwa\u017cniejsz\u0105 czynno\u015bci\u0105 na pocz\u0105tku pracy nad projektem jest prawid\u0142owe ustawienie strony roboczej, czyli obszaru na kt\u00f3rym powstanie projekt. W programach do grafiki wektorowej (Illustrator, Corel) ustaw stron\u0119 netto (wymiary po doci\u0119ciu) &#8211; np. ulotka 105x148mm i dodaj do niej obszar spadu. Wyj\u0105tkiem jest Photoshop gdzie nale\u017cy od razu ustawi\u0107 &hellip; <\/p>\n<p class=\"link-more\"><a href=\"https:\/\/www.sprintprint.pl\/index.php\/przygotowanie-pracy\/\" class=\"more-link\">Czytaj dalej<span class=\"screen-reader-text\"> \u201ePrzygotowanie projektu\u201d<\/span><\/a><\/p>\n","protected":false},"author":1,"featured_media":0,"parent":0,"menu_order":0,"comment_status":"closed","ping_status":"closed","template":"","meta":{"footnotes":""},"class_list":["post-529","page","type-page","status-publish","hentry"],"jetpack_sharing_enabled":true,"_links":{"self":[{"href":"https:\/\/www.sprintprint.pl\/index.php\/wp-json\/wp\/v2\/pages\/529","targetHints":{"allow":["GET"]}}],"collection":[{"href":"https:\/\/www.sprintprint.pl\/index.php\/wp-json\/wp\/v2\/pages"}],"about":[{"href":"https:\/\/www.sprintprint.pl\/index.php\/wp-json\/wp\/v2\/types\/page"}],"author":[{"embeddable":true,"href":"https:\/\/www.sprintprint.pl\/index.php\/wp-json\/wp\/v2\/users\/1"}],"replies":[{"embeddable":true,"href":"https:\/\/www.sprintprint.pl\/index.php\/wp-json\/wp\/v2\/comments?post=529"}],"version-history":[{"count":10,"href":"https:\/\/www.sprintprint.pl\/index.php\/wp-json\/wp\/v2\/pages\/529\/revisions"}],"predecessor-version":[{"id":2047,"href":"https:\/\/www.sprintprint.pl\/index.php\/wp-json\/wp\/v2\/pages\/529\/revisions\/2047"}],"wp:attachment":[{"href":"https:\/\/www.sprintprint.pl\/index.php\/wp-json\/wp\/v2\/media?parent=529"}],"curies":[{"name":"wp","href":"https:\/\/api.w.org\/{rel}","templated":true}]}}