{"id":2,"date":"2024-11-14T17:02:41","date_gmt":"2024-11-14T17:02:41","guid":{"rendered":"http:\/\/www.sprintprint.pl\/?page_id=2"},"modified":"2024-11-14T18:31:42","modified_gmt":"2024-11-14T18:31:42","slug":"sample-page","status":"publish","type":"page","link":"https:\/\/www.sprintprint.pl\/index.php\/sample-page\/","title":{"rendered":"Ciekawostki"},"content":{"rendered":"\n<div class=\"wp-block-columns alignwide is-layout-flex wp-container-core-columns-is-layout-9d6595d7 wp-block-columns-is-layout-flex\">\n<div class=\"wp-block-column is-layout-flow wp-block-column-is-layout-flow\" style=\"flex-basis:100%\">\n<p class=\"has-large-font-size\"><strong>Czym si\u0119 r\u00f3\u017cni druk cyfrowy i druk offsetowy?<\/strong><\/p>\n\n\n\n<p>Druk cyfrowy i druk offsetowy to poj\u0119cia, kt\u00f3re niewiele m\u00f3wi\u0105 osobom bez do\u015bwiadczenia w poligrafii. Wi\u0119kszo\u015b\u0107 ludzi nie potrafi wskaza\u0107 r\u00f3\u017cnic pomi\u0119dzy tymi technologiami druku. Warto zatem wskaza\u0107 czym te technologie si\u0119 r\u00f3\u017cni\u0105 i jakie s\u0105 ich najwa\u017cniejsze cechy charakterystyczne. Wiedza na ten temat pozwoli bowiem wybra\u0107 najbardziej atrakcyjn\u0105 cenowo ofert\u0119 na drukowanie ulotek czy drukowanie katalog\u00f3w.<\/p>\n\n\n\n<p>Druk cyfrowy \u2013 co to tak w\u0142a\u015bciwie jest?<br>Druk cyfrowy to jedna z popularniejszych technik druku, jakie znale\u017a\u0107 mo\u017cemy w drukarniach stacjonarnych i internetowych. M\u00f3wi\u0105c w skr\u00f3cie, jest to metoda druku wykonywana przy pomocy elektrofotograficznej maszyny drukarskiej. Tego typu urz\u0105dzenie tworzy wydruk na podstawie danych przes\u0142anych bezpo\u015brednio z komputera. Istnieje zatem dowolno\u015b\u0107 w wykonywaniu r\u00f3\u017cnorodnych projekt\u00f3w. Projekty do druku mo\u017cemy dostarczy\u0107 do drukarni na dowolnym no\u015bniku cyfrowym. Co wi\u0119cej, druk cyfrowy nie wymaga \u017cadnych form drukarskich czy te\u017c po\u015brednich no\u015bnik\u00f3w. Pozwala to realizowa\u0107 druk wizyt\u00f3wek czy innych produkt\u00f3w szybko i tanio.<\/p>\n\n\n\n<p>Ca\u0142y proces realizowania tego rodzaju nadruk\u00f3w przypomina druk laserowy. Jednak jest on znacznie lepszej jako\u015bci i wykonywany znacznie szybciej. Do podstawowych zalet tej technologii druku nale\u017cy mi\u0119dzy innymi mo\u017cliwo\u015b\u0107 realizacji zada\u0144 takich jak drukowanie ulotek w spos\u00f3b ekspresowy, od r\u0119ki. Druk cyfrowy nie wymaga jak dla przyk\u0142adu druk offsetowy, \u017cadnych specjalnie wykonywanych do poszczeg\u00f3lnych projekt\u00f3w matryc.<\/p>\n\n\n\n<p>Wykonane t\u0105 metod\u0105 wydruki pozwalaj\u0105 na natychmiastow\u0105 dalsz\u0105 obr\u00f3bk\u0119. Ponadto mog\u0105 by\u0107 realizowane w atrakcyjnych cenach nawet przy bardzo niskich nak\u0142adach. Mo\u017cna wykorzysta\u0107 druk cyfrowy do projekt\u00f3w o r\u00f3\u017cnych pod\u0142o\u017cach i gramaturach. W dodatku ta technologia pozwala skorzysta\u0107 z personalizacji \u2013 zamieszczania na wydrukach zmiennych danych. Jako\u015b\u0107 wydruk\u00f3w cyfrowych jest obecnie coraz lepsza, na miar\u0119 druku offsetowego. W pracach introligatorskich wr\u0119cz trudno odr\u00f3\u017cni\u0107 rodzaj wykorzystanego druku. Druk cyfrowy cz\u0119sto wykorzystuje si\u0119 w drukowaniu wizyt\u00f3wek czy bilet\u00f3w.<\/p>\n\n\n\n<p>Druk offsetowy i jego charakterystyka.<br>Druk offsetowy jest technik\u0105 tzw. druku p\u0142askiego, co oznacza, i\u017c poszczeg\u00f3lne elementy matrycy drukarki offsetowej znajduj\u0105 si\u0119 na jednakowym poziomie. Druk ten wykorzystuje zatem zjawisko wzajemnego odpychania si\u0119 czynnik\u00f3w niedrukuj\u0105cych i drukuj\u0105cych. Za pomoc\u0105 tej technologii mo\u017cliwe jest realizowanie wydruk\u00f3w wzgl\u0119dnie tanio i szybko. Szczeg\u00f3lnie ma to zastosowanie w przypadku du\u017cej ilo\u015bci odbitek.<\/p>\n\n\n\n<p>Matryca wykorzystywana w druku offsetowym jest wykonana z lekkiego aluminium. Za\u0142o\u017cona jest na cylindrze i przekazuje obraz projektu na b\u0119ben pokryty gum\u0105. Z b\u0119bna obraz przenoszony jest na okre\u015blone pod\u0142o\u017ce np. papier kredowy. Druk offsetowy pozwala uzyskiwa\u0107 szybkie i tanie realizacje na bardzo r\u00f3\u017cnorodnych materia\u0142ach, w tym papierach powlekanych, offsetowych czy kartonach. Proces drukowania offsetowego polega na unieruchomieniu w cylindrze formowym formy drukowej. Nast\u0119pnie przy pomocy obci\u0105gu gumowego, farba z formy przenoszona jest na pod\u0142o\u017ce. Docisk stalowego cylindra pozwala wspom\u00f3c ca\u0142y zabieg, utrwalaj\u0105c nadruk.<\/p>\n\n\n\n<p>Sama w sobie forma drukowa wykorzystywana w druku offsetowym wymaga specjalnej obr\u00f3bki dla uzyskania oczekiwanych efekt\u00f3w nadruku. Specjalistyczne farby s\u0105 tutaj maziste i olejowe, a co za tym idzie niezwykle intensywne. Z tego powodu nadruki wykonane t\u0105 technik\u0105 s\u0105 wyj\u0105tkowo dok\u0142adne. Jest to rewelacyjne rozwi\u0105zanie wykorzystywane do druku plakat\u00f3w i katalog\u00f3w, ulotek, ksi\u0105\u017cek, map i wielobarwnych materia\u0142\u00f3w.<\/p>\n\n\n\n<p>Czym si\u0119 r\u00f3\u017cni druk cyfrowy i druk offsetowy?<br>Do najwa\u017cniejszych r\u00f3\u017cnic, por\u00f3wnuj\u0105c te dwie formy druku jest to, \u017ce druk offsetowy to opcja stosowana przewa\u017cnie w du\u017cych nak\u0142adach. Z kolei druk cyfrowy jest najlepszy do niskich nak\u0142ad\u00f3w. Ma\u0142e nak\u0142ady w przypadku tego pierwszego s\u0105 kosztowne z uwagi d\u0142u\u017cszy proces przygotowania do druku. St\u0105d przy niskich nak\u0142adach taniej jest skorzysta\u0107 z opcji cyfrowej. Przy wi\u0119kszych projektach, to druk offsetowy staje si\u0119 tym korzystniejszym cenowo.<\/p>\n\n\n\n<p>Druk cyfrowy ma dodatkow\u0105 zalet\u0119, mianowicie pozwala na personalizacj\u0119 poszczeg\u00f3lnych egzemplarzy wydruku np. na wizyt\u00f3wkach, zaproszeniach itp. Innymi s\u0142owy, mo\u017cliwe jest zamieszczanie odmiennych danych na ka\u017cdym osobnym wydruku. W przypadku opcji offsetowej nie mo\u017cemy wykona\u0107 personalizacji. Technika druku offsetowego zapewnia wy\u017csz\u0105 jako\u015b\u0107 wydruku, jednak sta\u0142y rozw\u00f3j techniki cyfrowej sprawia, \u017ce realizacja projekt\u00f3w jest na coraz bardziej por\u00f3wnywalnym poziomie. R\u00f3\u017cnice w realizacjach s\u0105 ma\u0142e, cz\u0119sto nie spos\u00f3b ich zauwa\u017cy\u0107.<\/p>\n\n\n\n<p>Skoro druk cyfrowy jest coraz lepszy, dlaczego by nie zrezygnowa\u0107 z drukowania technik\u0105 offsetow\u0105? Odpowied\u017a jest prosta \u2013 przy wi\u0119kszych nak\u0142adach powtarzalnych odbitek, jest on bezkonkurencyjny cenowo. Minimalny, ju\u017c op\u0142acalny nak\u0142ad wydruk\u00f3w offsetowych to \u015brednio 250 sztuk w przypadku wi\u0119kszo\u015bci produkt\u00f3w poligraficznych.<\/p>\n<\/div>\n<\/div>\n\n\n\n<div class=\"wp-block-columns is-layout-flex wp-container-core-columns-is-layout-9d6595d7 wp-block-columns-is-layout-flex\">\n<div class=\"wp-block-column is-layout-flow wp-block-column-is-layout-flow\"><\/div>\n<\/div>\n\n\n\n<div class=\"wp-block-columns alignwide is-layout-flex wp-container-core-columns-is-layout-9d6595d7 wp-block-columns-is-layout-flex\">\n<div class=\"wp-block-column is-layout-flow wp-block-column-is-layout-flow\" style=\"flex-basis:100%\">\n<p class=\"has-large-font-size\"><strong>Jak zrobi\u0107 ulotk\u0119? I czy w og\u00f3le warto?<\/strong><\/p>\n\n\n\n<p>Posiadaj\u0105c w\u0142asne przedsi\u0119biorstwo i chc\u0105c zach\u0119ci\u0107 potencjalnych klient\u00f3w do skorzystania z jej us\u0142ug nale\u017cy skupi\u0107 si\u0119 na dzia\u0142aniach marketingowych, najbardziej w pocz\u0105tkowych fazach istnienia naszej firmy. Dlaczego warto si\u0119 reklamowa\u0107 i jak zrobi\u0107 to skutecznie, aby firma osi\u0105gn\u0119\u0142a sukces? Je\u017celi zadajesz sobie te pytania i nie wiesz od czego zacz\u0105\u0107 swoj\u0105 strategi\u0119 marketingu, to czytaj dalej! Poznasz fenomen perfekcyjnie wykonanych ulotek i rady, jak je samodzielnie wykona\u0107.<br>Jak si\u0119 reklamowa\u0107?<\/p>\n\n\n\n<p>Sposob\u00f3w na reklamowanie swojej firmy jest wiele \u2013 od marketingu w realnym \u017cyciu z ulotkami i banerami do internetowej promocji firmy z pomoc\u0105 stron internetowych, wsp\u00f3\u0142pracy z innymi przedsi\u0119biorcami czy indywidualnymi kreatorami lub zwyk\u0142ej reklamy na mediach spo\u0142eczno\u015bciowych. Ten drugi, internetowy spos\u00f3b zyskuje w dzisiejszych czasach coraz wi\u0119cej fan\u00f3w i z dnia na dzie\u0144 staje si\u0119 coraz cz\u0119\u015bciej wybieran\u0105 metod\u0105 promocji. Mimo tego dobrze zrobione ulotki nadal mog\u0105 przyci\u0105gn\u0105\u0107 wielu klient\u00f3w i na pewno nie zaszkodz\u0105 wizerunkowi naszej firmy! Jednak musz\u0105 one wygl\u0105da\u0107 profesjonalnie, inaczej swoim \u201etandetnym\u201d i \u201d banalnym\u201d wygl\u0105dem mog\u0105 zniech\u0119ci\u0107 potencjalnych klient\u00f3w!<\/p>\n\n\n\n<p><strong>Cechy dobrej ulotki<br><\/strong>Jaka powinna by\u0107 ulotka reklamowa, \u017ceby jej od razu nie wyrzuci\u0107 i \u017ceby odbiorcy zapad\u0142a w pami\u0119\u0107? Cech\u0105 tego rodzaju marketingu jest kr\u00f3tka \u017cywotno\u015b\u0107 \u2013 o atrakcyjno\u015bci firmy decyduje najcz\u0119\u015bciej kilka sekund, kt\u00f3re potrzebne s\u0105 do rzucenia okiem na ulotk\u0119. Nie warto si\u0119 wysila\u0107 i wype\u0142nia\u0107 kartk\u0119 papieru mas\u0105 niepotrzebnych informacji, od kt\u00f3rych mo\u017ce zakr\u0119ci\u0107 si\u0119 w g\u0142owie. Ulotka powinna by\u0107 prosta, nawet minimalistyczna, aby by\u0142a czytelna, i \u017ceby mo\u017cna by\u0142o si\u0119 z ni\u0105 z \u0142atwo\u015bci\u0105 zapozna\u0107 w drodze do pracy czy do autobusu, bo w takich sytuacjach najcz\u0119\u015bciej je otrzymujemy. Najbardziej zach\u0119caj\u0105cy w ulotkach mo\u017ce by\u0107 \u201eprezent\u201d dla odbiorcy w postaci kuponu rabatowego na wybran\u0105 us\u0142ug\u0119 czy produkt naszej firmy czy bilet wst\u0119pu na organizowane przez nas wydarzenie. Sk\u0142oni to potencjalnego klienta do zatrzymania ulotki w kieszeni kurtki, a opr\u00f3\u017cniaj\u0105c j\u0105 p\u00f3\u017anym wieczorem w domu zainteresuje si\u0119 ni\u0105 ponownie. Je\u017celi masz oryginalny i nieszablonowy pomys\u0142 na ulotk\u0119, kt\u00f3rego nie jeste\u015b pewien (uwa\u017caj na te kontrowersyjne!), nie wahaj si\u0119 i bierz si\u0119 za projekt! To te ulotki reklamowe zapadaj\u0105 w pami\u0119\u0107 najlepiej, potrafi\u0105 zaciekawi\u0107, a nawet zach\u0119ci\u0107 odbiorc\u0119!<br>Parafrazuj\u0105c, za sukcesem stoi oryginalno\u015b\u0107!<\/p>\n\n\n\n<p><strong>Jak zrobi\u0107 ulotk\u0119?<br><\/strong>Projekt naszej ulotki mo\u017cemy stworzy\u0107 w Wordzie lub innym programie tekstowym, jednak je\u017celi zale\u017cy nam na wy\u017cszej jako\u015bci poleca si\u0119 skorzystanie ze specjalistycznych program\u00f3w graficznych, jak Gimp, Corel czy Photoshop. Na tworzeniu projektu mo\u017cemy zaoszcz\u0119dzi\u0107 tworz\u0105c go sami lub mo\u017cemy zleci\u0107 stworzenie go osobom do\u015bwiadczonym w projektach graficznych. Po odpowiednim zmodyfikowaniu tekstu i oprawy graficznej oraz sprawdzeniu i poprawieniu wszelkich b\u0142\u0119d\u00f3w, kt\u00f3re wkrad\u0142y si\u0119 w trakcie edycji, ulotk\u0119 mo\u017cna wydrukowa\u0107 samemu lub zleci\u0107 zrobienie tego specjalistom, co jest polecane w przypadku masowej produkcji. Drukarnia zajmie si\u0119 profesjonalnym drukiem naszych ulotek. Mo\u017cemy skorzysta\u0107 z us\u0142ug drukarni naszego miasta lub drukarni online, kt\u00f3ra wy\u015ble nam wydrukowany produkt (kt\u00f3rego projekt dostali od nas przez Internet) pod wskazany adres. Teraz wystarczy tylko zaj\u0105\u0107 si\u0119 ich dystrybucj\u0105!<br>Mimo malej\u0105cej popularno\u015bci ulotek, kampania reklamowa jest nadal silnie z nimi zwi\u0105zana i warto postara\u0107 si\u0119, aby ich potencja\u0142 nie zosta\u0142 zmarnowany. Nale\u017cy pami\u0119ta\u0107, \u017ce oryginalny projekt i profesjonalny wydruk to co\u015b, czego odbiorcy poszukuj\u0105!<\/p>\n\n\n\n<p><\/p>\n<\/div>\n<\/div>\n\n\n\n<p><\/p>\n\n\n\n<p><\/p>\n","protected":false},"excerpt":{"rendered":"<p>Czym si\u0119 r\u00f3\u017cni druk cyfrowy i druk offsetowy? Druk cyfrowy i druk offsetowy to poj\u0119cia, kt\u00f3re niewiele m\u00f3wi\u0105 osobom bez do\u015bwiadczenia w poligrafii. Wi\u0119kszo\u015b\u0107 ludzi nie potrafi wskaza\u0107 r\u00f3\u017cnic pomi\u0119dzy tymi technologiami druku. Warto zatem wskaza\u0107 czym te technologie si\u0119 r\u00f3\u017cni\u0105 i jakie s\u0105 ich najwa\u017cniejsze cechy charakterystyczne. Wiedza na ten temat pozwoli bowiem wybra\u0107 &hellip; <\/p>\n<p class=\"link-more\"><a href=\"https:\/\/www.sprintprint.pl\/index.php\/sample-page\/\" class=\"more-link\">Czytaj dalej<span class=\"screen-reader-text\"> \u201eCiekawostki\u201d<\/span><\/a><\/p>\n","protected":false},"author":1,"featured_media":0,"parent":0,"menu_order":0,"comment_status":"closed","ping_status":"open","template":"","meta":{"footnotes":""},"class_list":["post-2","page","type-page","status-publish","hentry"],"jetpack_sharing_enabled":true,"_links":{"self":[{"href":"https:\/\/www.sprintprint.pl\/index.php\/wp-json\/wp\/v2\/pages\/2","targetHints":{"allow":["GET"]}}],"collection":[{"href":"https:\/\/www.sprintprint.pl\/index.php\/wp-json\/wp\/v2\/pages"}],"about":[{"href":"https:\/\/www.sprintprint.pl\/index.php\/wp-json\/wp\/v2\/types\/page"}],"author":[{"embeddable":true,"href":"https:\/\/www.sprintprint.pl\/index.php\/wp-json\/wp\/v2\/users\/1"}],"replies":[{"embeddable":true,"href":"https:\/\/www.sprintprint.pl\/index.php\/wp-json\/wp\/v2\/comments?post=2"}],"version-history":[{"count":3,"href":"https:\/\/www.sprintprint.pl\/index.php\/wp-json\/wp\/v2\/pages\/2\/revisions"}],"predecessor-version":[{"id":298,"href":"https:\/\/www.sprintprint.pl\/index.php\/wp-json\/wp\/v2\/pages\/2\/revisions\/298"}],"wp:attachment":[{"href":"https:\/\/www.sprintprint.pl\/index.php\/wp-json\/wp\/v2\/media?parent=2"}],"curies":[{"name":"wp","href":"https:\/\/api.w.org\/{rel}","templated":true}]}}